{"id":184,"date":"2020-12-27T01:05:57","date_gmt":"2020-12-26T16:05:57","guid":{"rendered":"https:\/\/staging.osaka-umeda-church.jp\/en\/?page_id=184"},"modified":"2025-04-11T10:16:35","modified_gmt":"2025-04-11T01:16:35","slug":"pastoral-team","status":"publish","type":"page","link":"https:\/\/osakaumeda.osaka.catholic.jp\/es\/pastoral-team\/","title":{"rendered":"Equipo Pastoral"},"content":{"rendered":"<h2>Father Eric Bautista De Guzman<\/h2>\n<p><img loading=\"lazy\" decoding=\"async\" class=\"alignnone size-medium wp-image-617\" src=\"https:\/\/osakaumeda.osaka.catholic.jp\/wp-content\/uploads\/2021\/05\/father-eric-profile-237x300.jpg\" alt=\"\" width=\"237\" height=\"300\" srcset=\"https:\/\/osakaumeda.osaka.catholic.jp\/wp-content\/uploads\/2021\/05\/father-eric-profile-237x300.jpg 237w, https:\/\/osakaumeda.osaka.catholic.jp\/wp-content\/uploads\/2021\/05\/father-eric-profile-768x974.jpg 768w, https:\/\/osakaumeda.osaka.catholic.jp\/wp-content\/uploads\/2021\/05\/father-eric-profile.jpg 786w\" sizes=\"auto, (max-width: 237px) 100vw, 237px\" \/><\/p>\n<h4>Hola a todos. Soy el P. Eric, sacerdote de la archidi\u00f3cesis de Osaka-Takamatsu y soy de Filipinas. En nuestra parroquia, adem\u00e1s de oficiar la Santa Misa y administrar otros sacramentos, tambi\u00e9n ofrecemos clases de catecismo sobre la fe, utilizando como texto el \u00abCatecismo de la Iglesia Cat\u00f3lica Compedium\u00bb. En la parroquia, tambi\u00e9n participo en la Legi\u00f3n de Mar\u00eda (una organizaci\u00f3n laica para promover la devoci\u00f3n de la Virgen Mar\u00eda), en \u00abUkon To Ayumu Kai\/Caminando con Ukon\u00bb (una organizaci\u00f3n laica reconocida por la archidi\u00f3cesis para promover los esfuerzos de canonizaci\u00f3n del beato Justo Takayama Ukon) y en Stella Maris (servicios pastorales para los marinos). Muchas gracias por su colaboraci\u00f3n.<\/h4>\n<p><img loading=\"lazy\" decoding=\"async\" class=\"alignnone size-medium wp-image-352\" src=\"https:\/\/osakaumeda.osaka.catholic.jp\/wp-content\/uploads\/2021\/01\/father-akabae-profile-300x279.jpg\" alt=\"\" width=\"300\" height=\"279\" srcset=\"https:\/\/osakaumeda.osaka.catholic.jp\/wp-content\/uploads\/2021\/01\/father-akabae-profile-300x279.jpg 300w, https:\/\/osakaumeda.osaka.catholic.jp\/wp-content\/uploads\/2021\/01\/father-akabae-profile-768x713.jpg 768w, https:\/\/osakaumeda.osaka.catholic.jp\/wp-content\/uploads\/2021\/01\/father-akabae-profile.jpg 937w\" sizes=\"auto, (max-width: 300px) 100vw, 300px\" \/><\/p>\n<p>Soy el Padre Akabae, trabajo como sacerdote colaborador del Block de Umeda (Iglesia de Umeda y Sekime) desde abril de 2016.<br \/>\nPertenezco a la Sociedad de San Pablo. Han pasado m\u00e1s de 40 a\u00f1os desde que fui ordenado. He estado involucrado en la ense\u00f1anza de estudiantes de secundaria y preparatoria; tambi\u00e9n, en la edici\u00f3n de peri\u00f3dicos y revistas. Pero reconozco que poder colaborar pastoralmente aqu\u00ed, me produce una gran alegr\u00eda.<br \/>\nEspero con mucho inter\u00e9s, poder trabajar y servir a todos ustedes.<\/p>\n<h2>Hermana Gloria Enciso<\/h2>\n<p><img loading=\"lazy\" decoding=\"async\" class=\"alignnone size-full wp-image-911\" src=\"https:\/\/osakaumeda.osaka.catholic.jp\/wp-content\/uploads\/2022\/07\/sister-gloria-profile.jpg\" alt=\"\" width=\"225\" height=\"169\" \/><\/p>\n<p>Encantada de conocerles. Soy la hermana Gloria Enciso, Misionera de Maria Xaveriana, mexicana. He estudiado la Teologia con los Salesianos de Guadalajara, Jalisco. Luego fu\u00ed enviada a Italia \u2013Roma donde estudie \u201cMisionologia\u201d en la Universidad de la Facultad Pontificia Urbaniana. Despu\u00e9s me enviaron a la comunidad de Worcester, Massachusettes, EE.UU. donde trabaj\u00e9 en la pastoral con los americanos y latinoamericanos.<br \/>\nEl 21 de Enero del 2006 fu\u00ed enviada a Jap\u00f3n en la comunidad de Izumi. Despu\u00e9s del estudio del Idioma japones, asist\u00ed a la Iglesia de Kumatori y realiz\u00e9 algunas actividades pastorales. Luego fu\u00ed enviada a la comunidad de Sennan, donde trabaje en algunas actividades pastorales y apoy\u00e9 una vez al mes en la iglesia de Amagazaki a los latinos.<\/p>\n","protected":false},"excerpt":{"rendered":"<p>Father Eric Bautista De Guzman Hola a todos. Soy el P. Eric, sacerdote de la archidi\u00f3cesis de Osaka-Takamatsu y soy de Filipinas. En nuestra parroquia, adem\u00e1s de oficiar la Santa Misa y administrar otros sacramentos, tambi\u00e9n ofrecemos clases de catecismo sobre la fe, utilizando como texto el \u00abCatecismo de la Iglesia Cat\u00f3lica Compedium\u00bb. En la &hellip; <a href=\"https:\/\/osakaumeda.osaka.catholic.jp\/es\/pastoral-team\/\">Continued<\/a><\/p>\n","protected":false},"author":1,"featured_media":0,"parent":0,"menu_order":0,"comment_status":"closed","ping_status":"closed","template":"","meta":{"footnotes":""},"class_list":["post-184","page","type-page","status-publish","hentry"],"yoast_head":"<!-- This site is optimized with the Yoast SEO plugin v27.4 - https:\/\/yoast.com\/product\/yoast-seo-wordpress\/ -->\n<title>Equipo Pastoral<\/title>\n<meta name=\"robots\" content=\"index, follow, max-snippet:-1, max-image-preview:large, max-video-preview:-1\" \/>\n<link rel=\"canonical\" href=\"https:\/\/osakaumeda.osaka.catholic.jp\/es\/pastoral-team\/\" \/>\n<meta property=\"og:locale\" content=\"es_ES\" \/>\n<meta property=\"og:locale:alternate\" content=\"ja_JP\" \/>\n<meta property=\"og:locale:alternate\" content=\"en_US\" \/>\n<meta property=\"og:locale:alternate\" content=\"ja_JP\" \/>\n<meta property=\"og:locale:alternate\" content=\"en_US\" \/>\n<meta property=\"og:locale:alternate\" content=\"ja_JP\" \/>\n<meta property=\"og:locale:alternate\" content=\"en_US\" \/>\n<meta property=\"og:locale:alternate\" content=\"ja_JP\" \/>\n<meta property=\"og:locale:alternate\" content=\"en_US\" \/>\n<meta property=\"og:locale:alternate\" content=\"ja_JP\" \/>\n<meta property=\"og:locale:alternate\" content=\"en_US\" \/>\n<meta property=\"og:type\" content=\"article\" \/>\n<meta property=\"og:title\" content=\"Equipo Pastoral\" \/>\n<meta property=\"og:description\" content=\"Father Eric Bautista De Guzman Hola a todos. Soy el P. Eric, sacerdote de la archidi\u00f3cesis de Osaka-Takamatsu y soy de Filipinas. En nuestra parroquia, adem\u00e1s de oficiar la Santa Misa y administrar otros sacramentos, tambi\u00e9n ofrecemos clases de catecismo sobre la fe, utilizando como texto el \u00abCatecismo de la Iglesia Cat\u00f3lica Compedium\u00bb. En la &hellip; Continued\" \/>\n<meta property=\"og:url\" content=\"https:\/\/osakaumeda.osaka.catholic.jp\/es\/pastoral-team\/\" \/>\n<meta property=\"og:site_name\" content=\"Iglesia Catolica de Osaka Umeda\" \/>\n<meta property=\"article:publisher\" content=\"https:\/\/www.facebook.com\/Sacra-Familia-Osaka-Umeda-110874987335111\" \/>\n<meta property=\"article:modified_time\" content=\"2025-04-11T01:16:35+00:00\" \/>\n<meta property=\"og:image\" content=\"https:\/\/osakaumeda.osaka.catholic.jp\/wp-content\/uploads\/2021\/05\/father-eric-profile.jpg\" \/>\n\t<meta property=\"og:image:width\" content=\"786\" \/>\n\t<meta property=\"og:image:height\" content=\"997\" \/>\n\t<meta property=\"og:image:type\" content=\"image\/jpeg\" \/>\n<meta name=\"twitter:card\" content=\"summary_large_image\" \/>\n<meta name=\"twitter:site\" content=\"@osakaumedach\" \/>\n<meta name=\"twitter:label1\" content=\"Tiempo de lectura\" \/>\n\t<meta name=\"twitter:data1\" content=\"6 minutos\" \/>\n<script type=\"application\/ld+json\" class=\"yoast-schema-graph\">{\"@context\":\"https:\\\/\\\/schema.org\",\"@graph\":[{\"@type\":\"WebPage\",\"@id\":\"https:\\\/\\\/osakaumeda.osaka.catholic.jp\\\/es\\\/pastoral-team\\\/\",\"url\":\"https:\\\/\\\/osakaumeda.osaka.catholic.jp\\\/es\\\/pastoral-team\\\/\",\"name\":\"Equipo Pastoral\",\"isPartOf\":{\"@id\":\"https:\\\/\\\/osakaumeda.osaka.catholic.jp\\\/ja\\\/#website\"},\"primaryImageOfPage\":{\"@id\":\"https:\\\/\\\/osakaumeda.osaka.catholic.jp\\\/es\\\/pastoral-team\\\/#primaryimage\"},\"image\":{\"@id\":\"https:\\\/\\\/osakaumeda.osaka.catholic.jp\\\/es\\\/pastoral-team\\\/#primaryimage\"},\"thumbnailUrl\":\"https:\\\/\\\/osakaumeda.osaka.catholic.jp\\\/wp-content\\\/uploads\\\/2021\\\/05\\\/father-eric-profile-237x300.jpg\",\"datePublished\":\"2020-12-26T16:05:57+00:00\",\"dateModified\":\"2025-04-11T01:16:35+00:00\",\"breadcrumb\":{\"@id\":\"https:\\\/\\\/osakaumeda.osaka.catholic.jp\\\/es\\\/pastoral-team\\\/#breadcrumb\"},\"inLanguage\":\"es-ES\",\"potentialAction\":[{\"@type\":\"ReadAction\",\"target\":[\"https:\\\/\\\/osakaumeda.osaka.catholic.jp\\\/es\\\/pastoral-team\\\/\"]}]},{\"@type\":\"ImageObject\",\"inLanguage\":\"es-ES\",\"@id\":\"https:\\\/\\\/osakaumeda.osaka.catholic.jp\\\/es\\\/pastoral-team\\\/#primaryimage\",\"url\":\"https:\\\/\\\/osakaumeda.osaka.catholic.jp\\\/wp-content\\\/uploads\\\/2021\\\/05\\\/father-eric-profile-237x300.jpg\",\"contentUrl\":\"https:\\\/\\\/osakaumeda.osaka.catholic.jp\\\/wp-content\\\/uploads\\\/2021\\\/05\\\/father-eric-profile-237x300.jpg\"},{\"@type\":\"BreadcrumbList\",\"@id\":\"https:\\\/\\\/osakaumeda.osaka.catholic.jp\\\/es\\\/pastoral-team\\\/#breadcrumb\",\"itemListElement\":[{\"@type\":\"ListItem\",\"position\":1,\"name\":\"Home\",\"item\":\"https:\\\/\\\/osakaumeda.osaka.catholic.jp\\\/ja\\\/\"},{\"@type\":\"ListItem\",\"position\":2,\"name\":\"Equipo Pastoral\"}]},{\"@type\":\"WebSite\",\"@id\":\"https:\\\/\\\/osakaumeda.osaka.catholic.jp\\\/ja\\\/#website\",\"url\":\"https:\\\/\\\/osakaumeda.osaka.catholic.jp\\\/ja\\\/\",\"name\":\"Iglesia Catolica de Osaka Umeda\",\"description\":\"\",\"potentialAction\":[{\"@type\":\"SearchAction\",\"target\":{\"@type\":\"EntryPoint\",\"urlTemplate\":\"https:\\\/\\\/osakaumeda.osaka.catholic.jp\\\/ja\\\/?s={search_term_string}\"},\"query-input\":{\"@type\":\"PropertyValueSpecification\",\"valueRequired\":true,\"valueName\":\"search_term_string\"}}],\"inLanguage\":\"es-ES\"}]}<\/script>\n<!-- \/ Yoast SEO plugin. -->","yoast_head_json":{"title":"Equipo Pastoral","robots":{"index":"index","follow":"follow","max-snippet":"max-snippet:-1","max-image-preview":"max-image-preview:large","max-video-preview":"max-video-preview:-1"},"canonical":"https:\/\/osakaumeda.osaka.catholic.jp\/es\/pastoral-team\/","og_locale":"es_ES","og_type":"article","og_title":"Iglesia Catolica de Osaka Umeda - [:ja]\u53f8\u7267\u30c1\u30fc\u30e0[:en]Pastoral team[:es]Equipo Pastoral[:]","og_description":"Father Eric Bautista De Guzman Hola a todos. Soy el P. Eric, sacerdote de la archidi\u00f3cesis de Osaka-Takamatsu y soy de Filipinas. En nuestra parroquia, adem\u00e1s de oficiar la Santa Misa y administrar otros sacramentos, tambi\u00e9n ofrecemos clases de catecismo sobre la fe, utilizando como texto el \u00abCatecismo de la Iglesia Cat\u00f3lica Compedium\u00bb. En la &hellip; Continued","og_url":"https:\/\/osakaumeda.osaka.catholic.jp\/es\/pastoral-team\/","og_site_name":"Iglesia Catolica de Osaka Umeda","article_publisher":"https:\/\/www.facebook.com\/Sacra-Familia-Osaka-Umeda-110874987335111","article_modified_time":"2025-04-11T01:16:35+00:00","og_image":[{"width":786,"height":997,"url":"https:\/\/osakaumeda.osaka.catholic.jp\/wp-content\/uploads\/2021\/05\/father-eric-profile.jpg","type":"image\/jpeg"}],"twitter_card":"summary_large_image","twitter_site":"@osakaumedach","twitter_misc":{"Tiempo de lectura":"6 minutos"},"schema":{"@context":"https:\/\/schema.org","@graph":[{"@type":"WebPage","@id":"https:\/\/osakaumeda.osaka.catholic.jp\/es\/pastoral-team\/","url":"https:\/\/osakaumeda.osaka.catholic.jp\/es\/pastoral-team\/","name":"Equipo Pastoral","isPartOf":{"@id":"https:\/\/osakaumeda.osaka.catholic.jp\/ja\/#website"},"primaryImageOfPage":{"@id":"https:\/\/osakaumeda.osaka.catholic.jp\/es\/pastoral-team\/#primaryimage"},"image":{"@id":"https:\/\/osakaumeda.osaka.catholic.jp\/es\/pastoral-team\/#primaryimage"},"thumbnailUrl":"https:\/\/osakaumeda.osaka.catholic.jp\/wp-content\/uploads\/2021\/05\/father-eric-profile-237x300.jpg","datePublished":"2020-12-26T16:05:57+00:00","dateModified":"2025-04-11T01:16:35+00:00","breadcrumb":{"@id":"https:\/\/osakaumeda.osaka.catholic.jp\/es\/pastoral-team\/#breadcrumb"},"inLanguage":"es-ES","potentialAction":[{"@type":"ReadAction","target":["https:\/\/osakaumeda.osaka.catholic.jp\/es\/pastoral-team\/"]}]},{"@type":"ImageObject","inLanguage":"es-ES","@id":"https:\/\/osakaumeda.osaka.catholic.jp\/es\/pastoral-team\/#primaryimage","url":"https:\/\/osakaumeda.osaka.catholic.jp\/wp-content\/uploads\/2021\/05\/father-eric-profile-237x300.jpg","contentUrl":"https:\/\/osakaumeda.osaka.catholic.jp\/wp-content\/uploads\/2021\/05\/father-eric-profile-237x300.jpg"},{"@type":"BreadcrumbList","@id":"https:\/\/osakaumeda.osaka.catholic.jp\/es\/pastoral-team\/#breadcrumb","itemListElement":[{"@type":"ListItem","position":1,"name":"Home","item":"https:\/\/osakaumeda.osaka.catholic.jp\/ja\/"},{"@type":"ListItem","position":2,"name":"Equipo Pastoral"}]},{"@type":"WebSite","@id":"https:\/\/osakaumeda.osaka.catholic.jp\/ja\/#website","url":"https:\/\/osakaumeda.osaka.catholic.jp\/ja\/","name":"Iglesia Catolica de Osaka Umeda","description":"","potentialAction":[{"@type":"SearchAction","target":{"@type":"EntryPoint","urlTemplate":"https:\/\/osakaumeda.osaka.catholic.jp\/ja\/?s={search_term_string}"},"query-input":{"@type":"PropertyValueSpecification","valueRequired":true,"valueName":"search_term_string"}}],"inLanguage":"es-ES"}]}},"_links":{"self":[{"href":"https:\/\/osakaumeda.osaka.catholic.jp\/es\/wp-json\/wp\/v2\/pages\/184","targetHints":{"allow":["GET"]}}],"collection":[{"href":"https:\/\/osakaumeda.osaka.catholic.jp\/es\/wp-json\/wp\/v2\/pages"}],"about":[{"href":"https:\/\/osakaumeda.osaka.catholic.jp\/es\/wp-json\/wp\/v2\/types\/page"}],"author":[{"embeddable":true,"href":"https:\/\/osakaumeda.osaka.catholic.jp\/es\/wp-json\/wp\/v2\/users\/1"}],"replies":[{"embeddable":true,"href":"https:\/\/osakaumeda.osaka.catholic.jp\/es\/wp-json\/wp\/v2\/comments?post=184"}],"version-history":[{"count":48,"href":"https:\/\/osakaumeda.osaka.catholic.jp\/es\/wp-json\/wp\/v2\/pages\/184\/revisions"}],"predecessor-version":[{"id":5682,"href":"https:\/\/osakaumeda.osaka.catholic.jp\/es\/wp-json\/wp\/v2\/pages\/184\/revisions\/5682"}],"wp:attachment":[{"href":"https:\/\/osakaumeda.osaka.catholic.jp\/es\/wp-json\/wp\/v2\/media?parent=184"}],"curies":[{"name":"wp","href":"https:\/\/api.w.org\/{rel}","templated":true}]}}