{"id":189,"date":"2020-12-27T01:08:13","date_gmt":"2020-12-26T16:08:13","guid":{"rendered":"https:\/\/staging.osaka-umeda-church.jp\/en\/?page_id=189"},"modified":"2021-01-09T22:13:27","modified_gmt":"2021-01-09T13:13:27","slug":"objectives","status":"publish","type":"page","link":"https:\/\/osakaumeda.osaka.catholic.jp\/es\/objectives\/","title":{"rendered":"Objetivos"},"content":{"rendered":"<p>La Parroquia de Umeda camina con la siguiente orientaci\u00f3n:<\/p>\n<ol>\n<li>Ayudar a ahondar la fe cristiana y la espiritualidad en una sociedad con ra\u00edces no cristianas.<\/li>\n<li>Ofrecer grupos de estudio y oraci\u00f3n para profundizar la relaci\u00f3n personal con Jesus.<\/li>\n<li>Ser signos de universalidad caminando en una parroquia multicultural con tres comunidades: japoneses, latinos y personas de habla inglesa.<\/li>\n<li>Vivir la pertenencia a la Di\u00f3cesis de Osaka.<\/li>\n<li>Ofrecer espacios de oraci\u00f3n y pertenencia en la propia lengua.<\/li>\n<\/ol>\n","protected":false},"excerpt":{"rendered":"<p>La Parroquia de Umeda camina con la siguiente orientaci\u00f3n: Ayudar a ahondar la fe cristiana y la espiritualidad en una sociedad con ra\u00edces no cristianas. Ofrecer grupos de estudio y oraci\u00f3n para profundizar la relaci\u00f3n personal con Jesus. Ser signos de universalidad caminando en una parroquia multicultural con tres comunidades: japoneses, latinos y personas de &hellip; <a href=\"https:\/\/osakaumeda.osaka.catholic.jp\/es\/objectives\/\">Continued<\/a><\/p>\n","protected":false},"author":1,"featured_media":0,"parent":0,"menu_order":0,"comment_status":"closed","ping_status":"closed","template":"","meta":{"footnotes":""},"class_list":["post-189","page","type-page","status-publish","hentry"],"yoast_head":"<!-- This site is optimized with the Yoast SEO plugin v27.4 - https:\/\/yoast.com\/product\/yoast-seo-wordpress\/ -->\n<title>Objetivos<\/title>\n<meta name=\"robots\" content=\"index, follow, max-snippet:-1, max-image-preview:large, max-video-preview:-1\" \/>\n<link rel=\"canonical\" href=\"https:\/\/osakaumeda.osaka.catholic.jp\/es\/objectives\/\" \/>\n<meta property=\"og:locale\" content=\"es_ES\" \/>\n<meta property=\"og:locale:alternate\" content=\"ja_JP\" \/>\n<meta property=\"og:locale:alternate\" content=\"en_US\" \/>\n<meta property=\"og:locale:alternate\" content=\"ja_JP\" \/>\n<meta property=\"og:locale:alternate\" content=\"en_US\" \/>\n<meta property=\"og:locale:alternate\" content=\"ja_JP\" \/>\n<meta property=\"og:locale:alternate\" content=\"en_US\" \/>\n<meta property=\"og:locale:alternate\" content=\"ja_JP\" \/>\n<meta property=\"og:locale:alternate\" content=\"en_US\" \/>\n<meta property=\"og:type\" content=\"article\" \/>\n<meta property=\"og:title\" content=\"Objetivos\" \/>\n<meta property=\"og:description\" content=\"La Parroquia de Umeda camina con la siguiente orientaci\u00f3n: Ayudar a ahondar la fe cristiana y la espiritualidad en una sociedad con ra\u00edces no cristianas. Ofrecer grupos de estudio y oraci\u00f3n para profundizar la relaci\u00f3n personal con Jesus. Ser signos de universalidad caminando en una parroquia multicultural con tres comunidades: japoneses, latinos y personas de &hellip; Continued\" \/>\n<meta property=\"og:url\" content=\"https:\/\/osakaumeda.osaka.catholic.jp\/es\/objectives\/\" \/>\n<meta property=\"og:site_name\" content=\"Iglesia Catolica de Osaka Umeda\" \/>\n<meta property=\"article:publisher\" content=\"https:\/\/www.facebook.com\/Sacra-Familia-Osaka-Umeda-110874987335111\" \/>\n<meta property=\"article:modified_time\" content=\"2021-01-09T13:13:27+00:00\" \/>\n<meta name=\"twitter:card\" content=\"summary_large_image\" \/>\n<meta name=\"twitter:site\" content=\"@osakaumedach\" \/>\n<meta name=\"twitter:label1\" content=\"Tiempo de lectura\" \/>\n\t<meta name=\"twitter:data1\" content=\"1 minuto\" \/>\n<script type=\"application\/ld+json\" class=\"yoast-schema-graph\">{\"@context\":\"https:\\\/\\\/schema.org\",\"@graph\":[{\"@type\":\"WebPage\",\"@id\":\"https:\\\/\\\/osakaumeda.osaka.catholic.jp\\\/ja\\\/objectives\\\/\",\"url\":\"https:\\\/\\\/osakaumeda.osaka.catholic.jp\\\/ja\\\/objectives\\\/\",\"name\":\"Objetivos\",\"isPartOf\":{\"@id\":\"https:\\\/\\\/osakaumeda.osaka.catholic.jp\\\/ja\\\/#website\"},\"datePublished\":\"2020-12-26T16:08:13+00:00\",\"dateModified\":\"2021-01-09T13:13:27+00:00\",\"breadcrumb\":{\"@id\":\"https:\\\/\\\/osakaumeda.osaka.catholic.jp\\\/ja\\\/objectives\\\/#breadcrumb\"},\"inLanguage\":\"es-ES\",\"potentialAction\":[{\"@type\":\"ReadAction\",\"target\":[\"https:\\\/\\\/osakaumeda.osaka.catholic.jp\\\/ja\\\/objectives\\\/\"]}]},{\"@type\":\"BreadcrumbList\",\"@id\":\"https:\\\/\\\/osakaumeda.osaka.catholic.jp\\\/ja\\\/objectives\\\/#breadcrumb\",\"itemListElement\":[{\"@type\":\"ListItem\",\"position\":1,\"name\":\"Home\",\"item\":\"https:\\\/\\\/osakaumeda.osaka.catholic.jp\\\/ja\\\/\"},{\"@type\":\"ListItem\",\"position\":2,\"name\":\"\u6559\u4f1a\u3068\u3057\u3066\u306e\u5c55\u671b\"}]},{\"@type\":\"WebSite\",\"@id\":\"https:\\\/\\\/osakaumeda.osaka.catholic.jp\\\/ja\\\/#website\",\"url\":\"https:\\\/\\\/osakaumeda.osaka.catholic.jp\\\/ja\\\/\",\"name\":\"Iglesia Catolica de Osaka Umeda\",\"description\":\"\",\"potentialAction\":[{\"@type\":\"SearchAction\",\"target\":{\"@type\":\"EntryPoint\",\"urlTemplate\":\"https:\\\/\\\/osakaumeda.osaka.catholic.jp\\\/ja\\\/?s={search_term_string}\"},\"query-input\":{\"@type\":\"PropertyValueSpecification\",\"valueRequired\":true,\"valueName\":\"search_term_string\"}}],\"inLanguage\":\"es-ES\"}]}<\/script>\n<!-- \/ Yoast SEO plugin. -->","yoast_head_json":{"title":"Objetivos","robots":{"index":"index","follow":"follow","max-snippet":"max-snippet:-1","max-image-preview":"max-image-preview:large","max-video-preview":"max-video-preview:-1"},"canonical":"https:\/\/osakaumeda.osaka.catholic.jp\/es\/objectives\/","og_locale":"es_ES","og_type":"article","og_title":"Iglesia Catolica de Osaka Umeda - [:ja]\u6559\u4f1a\u3068\u3057\u3066\u306e\u5c55\u671b[:en]Objectives[:es]Objetivos[:]","og_description":"La Parroquia de Umeda camina con la siguiente orientaci\u00f3n: Ayudar a ahondar la fe cristiana y la espiritualidad en una sociedad con ra\u00edces no cristianas. Ofrecer grupos de estudio y oraci\u00f3n para profundizar la relaci\u00f3n personal con Jesus. Ser signos de universalidad caminando en una parroquia multicultural con tres comunidades: japoneses, latinos y personas de &hellip; Continued","og_url":"https:\/\/osakaumeda.osaka.catholic.jp\/es\/objectives\/","og_site_name":"Iglesia Catolica de Osaka Umeda","article_publisher":"https:\/\/www.facebook.com\/Sacra-Familia-Osaka-Umeda-110874987335111","article_modified_time":"2021-01-09T13:13:27+00:00","twitter_card":"summary_large_image","twitter_site":"@osakaumedach","twitter_misc":{"Tiempo de lectura":"1 minuto"},"schema":{"@context":"https:\/\/schema.org","@graph":[{"@type":"WebPage","@id":"https:\/\/osakaumeda.osaka.catholic.jp\/ja\/objectives\/","url":"https:\/\/osakaumeda.osaka.catholic.jp\/ja\/objectives\/","name":"Objetivos","isPartOf":{"@id":"https:\/\/osakaumeda.osaka.catholic.jp\/ja\/#website"},"datePublished":"2020-12-26T16:08:13+00:00","dateModified":"2021-01-09T13:13:27+00:00","breadcrumb":{"@id":"https:\/\/osakaumeda.osaka.catholic.jp\/ja\/objectives\/#breadcrumb"},"inLanguage":"es-ES","potentialAction":[{"@type":"ReadAction","target":["https:\/\/osakaumeda.osaka.catholic.jp\/ja\/objectives\/"]}]},{"@type":"BreadcrumbList","@id":"https:\/\/osakaumeda.osaka.catholic.jp\/ja\/objectives\/#breadcrumb","itemListElement":[{"@type":"ListItem","position":1,"name":"Home","item":"https:\/\/osakaumeda.osaka.catholic.jp\/ja\/"},{"@type":"ListItem","position":2,"name":"\u6559\u4f1a\u3068\u3057\u3066\u306e\u5c55\u671b"}]},{"@type":"WebSite","@id":"https:\/\/osakaumeda.osaka.catholic.jp\/ja\/#website","url":"https:\/\/osakaumeda.osaka.catholic.jp\/ja\/","name":"Iglesia Catolica de Osaka Umeda","description":"","potentialAction":[{"@type":"SearchAction","target":{"@type":"EntryPoint","urlTemplate":"https:\/\/osakaumeda.osaka.catholic.jp\/ja\/?s={search_term_string}"},"query-input":{"@type":"PropertyValueSpecification","valueRequired":true,"valueName":"search_term_string"}}],"inLanguage":"es-ES"}]}},"_links":{"self":[{"href":"https:\/\/osakaumeda.osaka.catholic.jp\/es\/wp-json\/wp\/v2\/pages\/189","targetHints":{"allow":["GET"]}}],"collection":[{"href":"https:\/\/osakaumeda.osaka.catholic.jp\/es\/wp-json\/wp\/v2\/pages"}],"about":[{"href":"https:\/\/osakaumeda.osaka.catholic.jp\/es\/wp-json\/wp\/v2\/types\/page"}],"author":[{"embeddable":true,"href":"https:\/\/osakaumeda.osaka.catholic.jp\/es\/wp-json\/wp\/v2\/users\/1"}],"replies":[{"embeddable":true,"href":"https:\/\/osakaumeda.osaka.catholic.jp\/es\/wp-json\/wp\/v2\/comments?post=189"}],"version-history":[{"count":7,"href":"https:\/\/osakaumeda.osaka.catholic.jp\/es\/wp-json\/wp\/v2\/pages\/189\/revisions"}],"predecessor-version":[{"id":313,"href":"https:\/\/osakaumeda.osaka.catholic.jp\/es\/wp-json\/wp\/v2\/pages\/189\/revisions\/313"}],"wp:attachment":[{"href":"https:\/\/osakaumeda.osaka.catholic.jp\/es\/wp-json\/wp\/v2\/media?parent=189"}],"curies":[{"name":"wp","href":"https:\/\/api.w.org\/{rel}","templated":true}]}}