{"id":194,"date":"2020-12-27T01:09:58","date_gmt":"2020-12-26T16:09:58","guid":{"rendered":"https:\/\/staging.osaka-umeda-church.jp\/en\/?page_id=194"},"modified":"2022-10-28T22:27:27","modified_gmt":"2022-10-28T13:27:27","slug":"communities","status":"publish","type":"page","link":"https:\/\/osakaumeda.osaka.catholic.jp\/es\/communities\/","title":{"rendered":"Comunidades"},"content":{"rendered":"<div class=\"carousel-gallery\"><div id='gallery-1' class='gallery galleryid-194 gallery-columns-3 gallery-size-full'><figure class='gallery-item'>\r\n\t\t\t<div class='gallery-icon landscape'>\r\n\t\t\t\t<img loading=\"lazy\" decoding=\"async\" width=\"2048\" height=\"1536\" src=\"https:\/\/osakaumeda.osaka.catholic.jp\/wp-content\/uploads\/2022\/10\/community-01.jpg\" class=\"attachment-full size-full\" alt=\"\" srcset=\"https:\/\/osakaumeda.osaka.catholic.jp\/wp-content\/uploads\/2022\/10\/community-01.jpg 2048w, https:\/\/osakaumeda.osaka.catholic.jp\/wp-content\/uploads\/2022\/10\/community-01-300x225.jpg 300w, https:\/\/osakaumeda.osaka.catholic.jp\/wp-content\/uploads\/2022\/10\/community-01-1024x768.jpg 1024w, https:\/\/osakaumeda.osaka.catholic.jp\/wp-content\/uploads\/2022\/10\/community-01-768x576.jpg 768w, https:\/\/osakaumeda.osaka.catholic.jp\/wp-content\/uploads\/2022\/10\/community-01-1536x1152.jpg 1536w\" sizes=\"auto, (max-width: 2048px) 100vw, 2048px\" \/>\r\n\t\t\t<\/div><\/figure><figure class='gallery-item'>\r\n\t\t\t<div class='gallery-icon landscape'>\r\n\t\t\t\t<img loading=\"lazy\" decoding=\"async\" width=\"2048\" height=\"1536\" src=\"https:\/\/osakaumeda.osaka.catholic.jp\/wp-content\/uploads\/2022\/10\/community-02.jpg\" class=\"attachment-full size-full\" alt=\"\" srcset=\"https:\/\/osakaumeda.osaka.catholic.jp\/wp-content\/uploads\/2022\/10\/community-02.jpg 2048w, https:\/\/osakaumeda.osaka.catholic.jp\/wp-content\/uploads\/2022\/10\/community-02-300x225.jpg 300w, https:\/\/osakaumeda.osaka.catholic.jp\/wp-content\/uploads\/2022\/10\/community-02-1024x768.jpg 1024w, https:\/\/osakaumeda.osaka.catholic.jp\/wp-content\/uploads\/2022\/10\/community-02-768x576.jpg 768w, https:\/\/osakaumeda.osaka.catholic.jp\/wp-content\/uploads\/2022\/10\/community-02-1536x1152.jpg 1536w\" sizes=\"auto, (max-width: 2048px) 100vw, 2048px\" \/>\r\n\t\t\t<\/div><\/figure><figure class='gallery-item'>\r\n\t\t\t<div class='gallery-icon landscape'>\r\n\t\t\t\t<img loading=\"lazy\" decoding=\"async\" width=\"2048\" height=\"1536\" src=\"https:\/\/osakaumeda.osaka.catholic.jp\/wp-content\/uploads\/2022\/10\/community-03.jpg\" class=\"attachment-full size-full\" alt=\"\" srcset=\"https:\/\/osakaumeda.osaka.catholic.jp\/wp-content\/uploads\/2022\/10\/community-03.jpg 2048w, https:\/\/osakaumeda.osaka.catholic.jp\/wp-content\/uploads\/2022\/10\/community-03-300x225.jpg 300w, https:\/\/osakaumeda.osaka.catholic.jp\/wp-content\/uploads\/2022\/10\/community-03-1024x768.jpg 1024w, https:\/\/osakaumeda.osaka.catholic.jp\/wp-content\/uploads\/2022\/10\/community-03-768x576.jpg 768w, https:\/\/osakaumeda.osaka.catholic.jp\/wp-content\/uploads\/2022\/10\/community-03-1536x1152.jpg 1536w\" sizes=\"auto, (max-width: 2048px) 100vw, 2048px\" \/>\r\n\t\t\t<\/div><\/figure><figure class='gallery-item'>\r\n\t\t\t<div class='gallery-icon landscape'>\r\n\t\t\t\t<img loading=\"lazy\" decoding=\"async\" width=\"1000\" height=\"750\" src=\"https:\/\/osakaumeda.osaka.catholic.jp\/wp-content\/uploads\/2022\/10\/community-04.jpg\" class=\"attachment-full size-full\" alt=\"\" srcset=\"https:\/\/osakaumeda.osaka.catholic.jp\/wp-content\/uploads\/2022\/10\/community-04.jpg 1000w, https:\/\/osakaumeda.osaka.catholic.jp\/wp-content\/uploads\/2022\/10\/community-04-300x225.jpg 300w, https:\/\/osakaumeda.osaka.catholic.jp\/wp-content\/uploads\/2022\/10\/community-04-768x576.jpg 768w\" sizes=\"auto, (max-width: 1000px) 100vw, 1000px\" \/>\r\n\t\t\t<\/div><\/figure><figure class='gallery-item'>\r\n\t\t\t<div class='gallery-icon landscape'>\r\n\t\t\t\t<img loading=\"lazy\" decoding=\"async\" width=\"750\" height=\"562\" src=\"https:\/\/osakaumeda.osaka.catholic.jp\/wp-content\/uploads\/2022\/10\/community-05-e1665753962353.jpg\" class=\"attachment-full size-full\" alt=\"\" srcset=\"https:\/\/osakaumeda.osaka.catholic.jp\/wp-content\/uploads\/2022\/10\/community-05-e1665753962353.jpg 750w, https:\/\/osakaumeda.osaka.catholic.jp\/wp-content\/uploads\/2022\/10\/community-05-e1665753962353-300x225.jpg 300w\" sizes=\"auto, (max-width: 750px) 100vw, 750px\" \/>\r\n\t\t\t<\/div><\/figure><figure class='gallery-item'>\r\n\t\t\t<div class='gallery-icon landscape'>\r\n\t\t\t\t<img loading=\"lazy\" decoding=\"async\" width=\"1000\" height=\"750\" src=\"https:\/\/osakaumeda.osaka.catholic.jp\/wp-content\/uploads\/2022\/10\/community-06.jpg\" class=\"attachment-full size-full\" alt=\"\" srcset=\"https:\/\/osakaumeda.osaka.catholic.jp\/wp-content\/uploads\/2022\/10\/community-06.jpg 1000w, https:\/\/osakaumeda.osaka.catholic.jp\/wp-content\/uploads\/2022\/10\/community-06-300x225.jpg 300w, https:\/\/osakaumeda.osaka.catholic.jp\/wp-content\/uploads\/2022\/10\/community-06-768x576.jpg 768w\" sizes=\"auto, (max-width: 1000px) 100vw, 1000px\" \/>\r\n\t\t\t<\/div><\/figure><figure class='gallery-item'>\r\n\t\t\t<div class='gallery-icon landscape'>\r\n\t\t\t\t<img loading=\"lazy\" decoding=\"async\" width=\"1000\" height=\"742\" src=\"https:\/\/osakaumeda.osaka.catholic.jp\/wp-content\/uploads\/2022\/10\/community-07.jpg\" class=\"attachment-full size-full\" alt=\"\" srcset=\"https:\/\/osakaumeda.osaka.catholic.jp\/wp-content\/uploads\/2022\/10\/community-07.jpg 1000w, https:\/\/osakaumeda.osaka.catholic.jp\/wp-content\/uploads\/2022\/10\/community-07-300x223.jpg 300w, https:\/\/osakaumeda.osaka.catholic.jp\/wp-content\/uploads\/2022\/10\/community-07-768x570.jpg 768w\" sizes=\"auto, (max-width: 1000px) 100vw, 1000px\" \/>\r\n\t\t\t<\/div><\/figure><figure class='gallery-item'>\r\n\t\t\t<div class='gallery-icon landscape'>\r\n\t\t\t\t<img loading=\"lazy\" decoding=\"async\" width=\"1000\" height=\"750\" src=\"https:\/\/osakaumeda.osaka.catholic.jp\/wp-content\/uploads\/2022\/10\/community-08.jpg\" class=\"attachment-full size-full\" alt=\"\" srcset=\"https:\/\/osakaumeda.osaka.catholic.jp\/wp-content\/uploads\/2022\/10\/community-08.jpg 1000w, https:\/\/osakaumeda.osaka.catholic.jp\/wp-content\/uploads\/2022\/10\/community-08-300x225.jpg 300w, https:\/\/osakaumeda.osaka.catholic.jp\/wp-content\/uploads\/2022\/10\/community-08-768x576.jpg 768w\" sizes=\"auto, (max-width: 1000px) 100vw, 1000px\" \/>\r\n\t\t\t<\/div><\/figure><\/div>\n<\/div>\n<p>La Comunidad Latina esta compuesta por personas de diferentes \u00e1reas geogr\u00e1ficas de Latinoam\u00e9rica, y algunas personas de habla inglesa y japonesa que son parte de nuestra comunidad.<\/p>\n<p>Nuestra Comunidad Latina, en su mayoritariedad, esta compuesta de peruanos (un 70 %), pero tambi\u00e9n mexicanos, colombianos, argentinos\u2026<\/p>\n<p>Nos reunimos para celebrar la eucarist\u00eda en espa\u00f1ol,  y para compartir la vida cotidiana todos los \u201c<strong>Segundos y Cuartos Domingos<\/strong>\u201d de mes a las 15 h en la Iglesia de Umeda. El hecho de poder compartir la fe y orar en la propia lengua, el pertenecer a una Comunidad en la que puedes caminar con otros, el conocer a Jesus con otros\u2026son experiencias que al vivir en una cultura extranjera como Jap\u00f3n, resultan ser peque\u00f1os \u201coasis\u201d, donde refrescarse y hacer un \u201cparada\u201d, en el coraz\u00f3n de Dios.<\/p>\n<p>Nuestros principales <strong>objetivos<\/strong> como Comunidad son:<\/p>\n<ol>\n<li>Ser una Comunidad que favorezca la experiencia y el encuentro con Dios.<\/li>\n<li>Ofrecer un espacio de formaci\u00f3n y de oraci\u00f3n en la propia lengua: el espa\u00f1ol.<\/li>\n<li>Educar la pertenencia a una Comunidad multicultural como la Iglesia de Umeda.<\/li>\n<li>Ser parte de la di\u00f3cesis de Osaka.<\/li>\n<li>Crear lazos de fe y amistad entre nosotros para ser apoyo mutuo en la experiencia de ser peregrinos en tierra extranjera.<\/li>\n<\/ol>\n<p>Nuestras principales <strong>actividades<\/strong> son:<\/p>\n<ol>\n<li>El Camino de Santiago: es un grupo de Oraci\u00f3n  a trav\u00e9s de la Palabra de Dios para compartir la liturgia dominical. Todos los meses el \u201c<strong>Segundo y Cuarto Jueves<\/strong>\u201d a las 15 h en la Iglesia de Umeda.<\/li>\n<li>Retiros de Cuaresma y Adviento.<\/li>\n<li>Charlas formativas con temas de actualidad.<\/li>\n<li>Procesi\u00f3n del Se\u00f1or de los Milagros.<\/li>\n<li>Colaboraciones sociales con marginados.<\/li>\n<\/ol>\n<h2>Grupo de relaciones p\u00fablicas<\/h2>\n<p>Hemos creado una web para la Parroquia de Umeda y poder ofrecer en Internet en momentos de Pandemia misa en vivo, para fomentar el sentido comunitario, haciendo uso de los medios digitales y de comunicaci\u00f3n. Queremos ofrecer otros medios para que la Palabra de Dios se difunda de forma mas actual a muchos creyentes y tambi\u00e9n a aquellos que no han sido bautizados.<\/p>\n<p>Incluso para aquellos que tienen dificultades de conectarse a Internet, podremos enviar la palabra por material impreso. Estamos pensando nuevos caminos mas acordes a la realidad de nuestra Parroquia para expandir el bolet\u00edn informativo de la iglesia.<\/p>\n<h3>Objetivos<\/h3>\n<ol>\n<li>Utilizar los medios de comunicaci\u00f3n para transmitir el amor de Dios y la Palabra de Dios en la evangelizaci\u00f3n.<\/li>\n<li>Hacer un bolet\u00edn informativo para crear conciencia de pertenencia a la misma comunidad aunque haya diversas culturas.<\/li>\n<li>Seguir mejorando la pagina web de la parroquia.<\/li>\n<\/ol>\n","protected":false},"excerpt":{"rendered":"<p>La Comunidad Latina esta compuesta por personas de diferentes \u00e1reas geogr\u00e1ficas de Latinoam\u00e9rica, y algunas personas de habla inglesa y japonesa que son parte de nuestra comunidad. Nuestra Comunidad Latina, en su mayoritariedad, esta compuesta de peruanos (un 70 %), pero tambi\u00e9n mexicanos, colombianos, argentinos\u2026 Nos reunimos para celebrar la eucarist\u00eda en espa\u00f1ol, y para &hellip; <a href=\"https:\/\/osakaumeda.osaka.catholic.jp\/es\/communities\/\">Continued<\/a><\/p>\n","protected":false},"author":1,"featured_media":0,"parent":0,"menu_order":0,"comment_status":"closed","ping_status":"closed","template":"","meta":{"footnotes":""},"class_list":["post-194","page","type-page","status-publish","hentry"],"yoast_head":"<!-- This site is optimized with the Yoast SEO plugin v27.4 - https:\/\/yoast.com\/product\/yoast-seo-wordpress\/ -->\n<title>Comunidades<\/title>\n<meta name=\"robots\" content=\"index, follow, max-snippet:-1, max-image-preview:large, max-video-preview:-1\" \/>\n<link rel=\"canonical\" href=\"https:\/\/osakaumeda.osaka.catholic.jp\/es\/communities\/\" \/>\n<meta property=\"og:locale\" content=\"es_ES\" \/>\n<meta property=\"og:locale:alternate\" content=\"ja_JP\" \/>\n<meta property=\"og:locale:alternate\" content=\"en_US\" \/>\n<meta property=\"og:locale:alternate\" content=\"ja_JP\" \/>\n<meta property=\"og:locale:alternate\" content=\"en_US\" \/>\n<meta property=\"og:locale:alternate\" content=\"ja_JP\" \/>\n<meta property=\"og:locale:alternate\" content=\"en_US\" \/>\n<meta property=\"og:locale:alternate\" content=\"ja_JP\" \/>\n<meta property=\"og:locale:alternate\" content=\"en_US\" \/>\n<meta property=\"og:type\" content=\"article\" \/>\n<meta property=\"og:title\" content=\"Comunidades\" \/>\n<meta property=\"og:description\" content=\"La Comunidad Latina esta compuesta por personas de diferentes \u00e1reas geogr\u00e1ficas de Latinoam\u00e9rica, y algunas personas de habla inglesa y japonesa que son parte de nuestra comunidad. Nuestra Comunidad Latina, en su mayoritariedad, esta compuesta de peruanos (un 70 %), pero tambi\u00e9n mexicanos, colombianos, argentinos\u2026 Nos reunimos para celebrar la eucarist\u00eda en espa\u00f1ol, y para &hellip; Continued\" \/>\n<meta property=\"og:url\" content=\"https:\/\/osakaumeda.osaka.catholic.jp\/es\/communities\/\" \/>\n<meta property=\"og:site_name\" content=\"Iglesia Catolica de Osaka Umeda\" \/>\n<meta property=\"article:publisher\" content=\"https:\/\/www.facebook.com\/Sacra-Familia-Osaka-Umeda-110874987335111\" \/>\n<meta property=\"article:modified_time\" content=\"2022-10-28T13:27:27+00:00\" \/>\n<meta property=\"og:image\" content=\"https:\/\/osakaumeda.osaka.catholic.jp\/wp-content\/uploads\/2022\/10\/community-01.jpg\" \/>\n<meta name=\"twitter:card\" content=\"summary_large_image\" \/>\n<meta name=\"twitter:site\" content=\"@osakaumedach\" \/>\n<meta name=\"twitter:label1\" content=\"Tiempo de lectura\" \/>\n\t<meta name=\"twitter:data1\" content=\"2 minutos\" \/>\n<script type=\"application\/ld+json\" class=\"yoast-schema-graph\">{\"@context\":\"https:\\\/\\\/schema.org\",\"@graph\":[{\"@type\":\"WebPage\",\"@id\":\"https:\\\/\\\/osakaumeda.osaka.catholic.jp\\\/es\\\/communities\\\/\",\"url\":\"https:\\\/\\\/osakaumeda.osaka.catholic.jp\\\/es\\\/communities\\\/\",\"name\":\"Comunidades\",\"isPartOf\":{\"@id\":\"https:\\\/\\\/osakaumeda.osaka.catholic.jp\\\/ja\\\/#website\"},\"datePublished\":\"2020-12-26T16:09:58+00:00\",\"dateModified\":\"2022-10-28T13:27:27+00:00\",\"breadcrumb\":{\"@id\":\"https:\\\/\\\/osakaumeda.osaka.catholic.jp\\\/es\\\/communities\\\/#breadcrumb\"},\"inLanguage\":\"es-ES\",\"potentialAction\":[{\"@type\":\"ReadAction\",\"target\":[\"https:\\\/\\\/osakaumeda.osaka.catholic.jp\\\/es\\\/communities\\\/\"]}]},{\"@type\":\"BreadcrumbList\",\"@id\":\"https:\\\/\\\/osakaumeda.osaka.catholic.jp\\\/es\\\/communities\\\/#breadcrumb\",\"itemListElement\":[{\"@type\":\"ListItem\",\"position\":1,\"name\":\"Home\",\"item\":\"https:\\\/\\\/osakaumeda.osaka.catholic.jp\\\/ja\\\/\"},{\"@type\":\"ListItem\",\"position\":2,\"name\":\"Comunidades\"}]},{\"@type\":\"WebSite\",\"@id\":\"https:\\\/\\\/osakaumeda.osaka.catholic.jp\\\/ja\\\/#website\",\"url\":\"https:\\\/\\\/osakaumeda.osaka.catholic.jp\\\/ja\\\/\",\"name\":\"Iglesia Catolica de Osaka Umeda\",\"description\":\"\",\"potentialAction\":[{\"@type\":\"SearchAction\",\"target\":{\"@type\":\"EntryPoint\",\"urlTemplate\":\"https:\\\/\\\/osakaumeda.osaka.catholic.jp\\\/ja\\\/?s={search_term_string}\"},\"query-input\":{\"@type\":\"PropertyValueSpecification\",\"valueRequired\":true,\"valueName\":\"search_term_string\"}}],\"inLanguage\":\"es-ES\"}]}<\/script>\n<!-- \/ Yoast SEO plugin. -->","yoast_head_json":{"title":"Comunidades","robots":{"index":"index","follow":"follow","max-snippet":"max-snippet:-1","max-image-preview":"max-image-preview:large","max-video-preview":"max-video-preview:-1"},"canonical":"https:\/\/osakaumeda.osaka.catholic.jp\/es\/communities\/","og_locale":"es_ES","og_type":"article","og_title":"Iglesia Catolica de Osaka Umeda - [:ja]\u5171\u540c\u4f53[:en]Communities[:es]Comunidades[:]","og_description":"La Comunidad Latina esta compuesta por personas de diferentes \u00e1reas geogr\u00e1ficas de Latinoam\u00e9rica, y algunas personas de habla inglesa y japonesa que son parte de nuestra comunidad. Nuestra Comunidad Latina, en su mayoritariedad, esta compuesta de peruanos (un 70 %), pero tambi\u00e9n mexicanos, colombianos, argentinos\u2026 Nos reunimos para celebrar la eucarist\u00eda en espa\u00f1ol, y para &hellip; Continued","og_url":"https:\/\/osakaumeda.osaka.catholic.jp\/es\/communities\/","og_site_name":"Iglesia Catolica de Osaka Umeda","article_publisher":"https:\/\/www.facebook.com\/Sacra-Familia-Osaka-Umeda-110874987335111","article_modified_time":"2022-10-28T13:27:27+00:00","og_image":[{"url":"https:\/\/osakaumeda.osaka.catholic.jp\/wp-content\/uploads\/2022\/10\/community-01.jpg","type":"","width":"","height":""}],"twitter_card":"summary_large_image","twitter_site":"@osakaumedach","twitter_misc":{"Tiempo de lectura":"2 minutos"},"schema":{"@context":"https:\/\/schema.org","@graph":[{"@type":"WebPage","@id":"https:\/\/osakaumeda.osaka.catholic.jp\/es\/communities\/","url":"https:\/\/osakaumeda.osaka.catholic.jp\/es\/communities\/","name":"Comunidades","isPartOf":{"@id":"https:\/\/osakaumeda.osaka.catholic.jp\/ja\/#website"},"datePublished":"2020-12-26T16:09:58+00:00","dateModified":"2022-10-28T13:27:27+00:00","breadcrumb":{"@id":"https:\/\/osakaumeda.osaka.catholic.jp\/es\/communities\/#breadcrumb"},"inLanguage":"es-ES","potentialAction":[{"@type":"ReadAction","target":["https:\/\/osakaumeda.osaka.catholic.jp\/es\/communities\/"]}]},{"@type":"BreadcrumbList","@id":"https:\/\/osakaumeda.osaka.catholic.jp\/es\/communities\/#breadcrumb","itemListElement":[{"@type":"ListItem","position":1,"name":"Home","item":"https:\/\/osakaumeda.osaka.catholic.jp\/ja\/"},{"@type":"ListItem","position":2,"name":"Comunidades"}]},{"@type":"WebSite","@id":"https:\/\/osakaumeda.osaka.catholic.jp\/ja\/#website","url":"https:\/\/osakaumeda.osaka.catholic.jp\/ja\/","name":"Iglesia Catolica de Osaka Umeda","description":"","potentialAction":[{"@type":"SearchAction","target":{"@type":"EntryPoint","urlTemplate":"https:\/\/osakaumeda.osaka.catholic.jp\/ja\/?s={search_term_string}"},"query-input":{"@type":"PropertyValueSpecification","valueRequired":true,"valueName":"search_term_string"}}],"inLanguage":"es-ES"}]}},"_links":{"self":[{"href":"https:\/\/osakaumeda.osaka.catholic.jp\/es\/wp-json\/wp\/v2\/pages\/194","targetHints":{"allow":["GET"]}}],"collection":[{"href":"https:\/\/osakaumeda.osaka.catholic.jp\/es\/wp-json\/wp\/v2\/pages"}],"about":[{"href":"https:\/\/osakaumeda.osaka.catholic.jp\/es\/wp-json\/wp\/v2\/types\/page"}],"author":[{"embeddable":true,"href":"https:\/\/osakaumeda.osaka.catholic.jp\/es\/wp-json\/wp\/v2\/users\/1"}],"replies":[{"embeddable":true,"href":"https:\/\/osakaumeda.osaka.catholic.jp\/es\/wp-json\/wp\/v2\/comments?post=194"}],"version-history":[{"count":38,"href":"https:\/\/osakaumeda.osaka.catholic.jp\/es\/wp-json\/wp\/v2\/pages\/194\/revisions"}],"predecessor-version":[{"id":980,"href":"https:\/\/osakaumeda.osaka.catholic.jp\/es\/wp-json\/wp\/v2\/pages\/194\/revisions\/980"}],"wp:attachment":[{"href":"https:\/\/osakaumeda.osaka.catholic.jp\/es\/wp-json\/wp\/v2\/media?parent=194"}],"curies":[{"name":"wp","href":"https:\/\/api.w.org\/{rel}","templated":true}]}}