{"id":206,"date":"2020-12-27T01:16:35","date_gmt":"2020-12-26T16:16:35","guid":{"rendered":"https:\/\/staging.osaka-umeda-church.jp\/en\/?page_id=206"},"modified":"2021-01-12T02:13:12","modified_gmt":"2021-01-11T17:13:12","slug":"baptism","status":"publish","type":"page","link":"https:\/\/osakaumeda.osaka.catholic.jp\/es\/baptism\/","title":{"rendered":"Bautismo"},"content":{"rendered":"<p>Aquellos que desean ser bautizados tendr\u00e1n la posibilidad de empezar un proceso de incorporaci\u00f3n a Comunidad, aprendiendo los n\u00facleos esenciales de la vida cristiana. Para obtener m\u00e1s informaci\u00f3n, comun\u00edquese con la iglesia (<a href=\"tel:0663714060\">06-6371-4060<\/a>).<\/p>\n","protected":false},"excerpt":{"rendered":"<p>Aquellos que desean ser bautizados tendr\u00e1n la posibilidad de empezar un proceso de incorporaci\u00f3n a Comunidad, aprendiendo los n\u00facleos esenciales de la vida cristiana. Para obtener m\u00e1s informaci\u00f3n, comun\u00edquese con la iglesia (06-6371-4060).<\/p>\n","protected":false},"author":1,"featured_media":0,"parent":0,"menu_order":0,"comment_status":"closed","ping_status":"closed","template":"","meta":{"footnotes":""},"class_list":["post-206","page","type-page","status-publish","hentry"],"yoast_head":"<!-- This site is optimized with the Yoast SEO plugin v27.4 - https:\/\/yoast.com\/product\/yoast-seo-wordpress\/ -->\n<title>Bautismo<\/title>\n<meta name=\"robots\" content=\"index, follow, max-snippet:-1, max-image-preview:large, max-video-preview:-1\" \/>\n<link rel=\"canonical\" href=\"https:\/\/osakaumeda.osaka.catholic.jp\/es\/baptism\/\" \/>\n<meta property=\"og:locale\" content=\"es_ES\" \/>\n<meta property=\"og:locale:alternate\" content=\"ja_JP\" \/>\n<meta property=\"og:locale:alternate\" content=\"en_US\" \/>\n<meta property=\"og:locale:alternate\" content=\"ja_JP\" \/>\n<meta property=\"og:locale:alternate\" content=\"en_US\" \/>\n<meta property=\"og:locale:alternate\" content=\"ja_JP\" \/>\n<meta property=\"og:locale:alternate\" content=\"en_US\" \/>\n<meta property=\"og:locale:alternate\" content=\"ja_JP\" \/>\n<meta property=\"og:locale:alternate\" content=\"en_US\" \/>\n<meta property=\"og:type\" content=\"article\" \/>\n<meta property=\"og:title\" content=\"Bautismo\" \/>\n<meta property=\"og:description\" content=\"Aquellos que desean ser bautizados tendr\u00e1n la posibilidad de empezar un proceso de incorporaci\u00f3n a Comunidad, aprendiendo los n\u00facleos esenciales de la vida cristiana. Para obtener m\u00e1s informaci\u00f3n, comun\u00edquese con la iglesia (06-6371-4060).\" \/>\n<meta property=\"og:url\" content=\"https:\/\/osakaumeda.osaka.catholic.jp\/es\/baptism\/\" \/>\n<meta property=\"og:site_name\" content=\"Iglesia Catolica de Osaka Umeda\" \/>\n<meta property=\"article:publisher\" content=\"https:\/\/www.facebook.com\/Sacra-Familia-Osaka-Umeda-110874987335111\" \/>\n<meta property=\"article:modified_time\" content=\"2021-01-11T17:13:12+00:00\" \/>\n<meta name=\"twitter:card\" content=\"summary_large_image\" \/>\n<meta name=\"twitter:site\" content=\"@osakaumedach\" \/>\n<script type=\"application\/ld+json\" class=\"yoast-schema-graph\">{\"@context\":\"https:\\\/\\\/schema.org\",\"@graph\":[{\"@type\":\"WebPage\",\"@id\":\"https:\\\/\\\/osakaumeda.osaka.catholic.jp\\\/en\\\/baptism\\\/\",\"url\":\"https:\\\/\\\/osakaumeda.osaka.catholic.jp\\\/en\\\/baptism\\\/\",\"name\":\"Bautismo\",\"isPartOf\":{\"@id\":\"https:\\\/\\\/osakaumeda.osaka.catholic.jp\\\/ja\\\/#website\"},\"datePublished\":\"2020-12-26T16:16:35+00:00\",\"dateModified\":\"2021-01-11T17:13:12+00:00\",\"breadcrumb\":{\"@id\":\"https:\\\/\\\/osakaumeda.osaka.catholic.jp\\\/en\\\/baptism\\\/#breadcrumb\"},\"inLanguage\":\"es-ES\",\"potentialAction\":[{\"@type\":\"ReadAction\",\"target\":[\"https:\\\/\\\/osakaumeda.osaka.catholic.jp\\\/en\\\/baptism\\\/\"]}]},{\"@type\":\"BreadcrumbList\",\"@id\":\"https:\\\/\\\/osakaumeda.osaka.catholic.jp\\\/en\\\/baptism\\\/#breadcrumb\",\"itemListElement\":[{\"@type\":\"ListItem\",\"position\":1,\"name\":\"Home\",\"item\":\"https:\\\/\\\/osakaumeda.osaka.catholic.jp\\\/ja\\\/\"},{\"@type\":\"ListItem\",\"position\":2,\"name\":\"Baptism\"}]},{\"@type\":\"WebSite\",\"@id\":\"https:\\\/\\\/osakaumeda.osaka.catholic.jp\\\/ja\\\/#website\",\"url\":\"https:\\\/\\\/osakaumeda.osaka.catholic.jp\\\/ja\\\/\",\"name\":\"Iglesia Catolica de Osaka Umeda\",\"description\":\"\",\"potentialAction\":[{\"@type\":\"SearchAction\",\"target\":{\"@type\":\"EntryPoint\",\"urlTemplate\":\"https:\\\/\\\/osakaumeda.osaka.catholic.jp\\\/ja\\\/?s={search_term_string}\"},\"query-input\":{\"@type\":\"PropertyValueSpecification\",\"valueRequired\":true,\"valueName\":\"search_term_string\"}}],\"inLanguage\":\"es-ES\"}]}<\/script>\n<!-- \/ Yoast SEO plugin. -->","yoast_head_json":{"title":"Bautismo","robots":{"index":"index","follow":"follow","max-snippet":"max-snippet:-1","max-image-preview":"max-image-preview:large","max-video-preview":"max-video-preview:-1"},"canonical":"https:\/\/osakaumeda.osaka.catholic.jp\/es\/baptism\/","og_locale":"es_ES","og_type":"article","og_title":"Iglesia Catolica de Osaka Umeda - [:ja]\u6d17\u793c\u306b\u3064\u3044\u3066[:en]Baptism[:es]Bautismo[:]","og_description":"Aquellos que desean ser bautizados tendr\u00e1n la posibilidad de empezar un proceso de incorporaci\u00f3n a Comunidad, aprendiendo los n\u00facleos esenciales de la vida cristiana. Para obtener m\u00e1s informaci\u00f3n, comun\u00edquese con la iglesia (06-6371-4060).","og_url":"https:\/\/osakaumeda.osaka.catholic.jp\/es\/baptism\/","og_site_name":"Iglesia Catolica de Osaka Umeda","article_publisher":"https:\/\/www.facebook.com\/Sacra-Familia-Osaka-Umeda-110874987335111","article_modified_time":"2021-01-11T17:13:12+00:00","twitter_card":"summary_large_image","twitter_site":"@osakaumedach","schema":{"@context":"https:\/\/schema.org","@graph":[{"@type":"WebPage","@id":"https:\/\/osakaumeda.osaka.catholic.jp\/en\/baptism\/","url":"https:\/\/osakaumeda.osaka.catholic.jp\/en\/baptism\/","name":"Bautismo","isPartOf":{"@id":"https:\/\/osakaumeda.osaka.catholic.jp\/ja\/#website"},"datePublished":"2020-12-26T16:16:35+00:00","dateModified":"2021-01-11T17:13:12+00:00","breadcrumb":{"@id":"https:\/\/osakaumeda.osaka.catholic.jp\/en\/baptism\/#breadcrumb"},"inLanguage":"es-ES","potentialAction":[{"@type":"ReadAction","target":["https:\/\/osakaumeda.osaka.catholic.jp\/en\/baptism\/"]}]},{"@type":"BreadcrumbList","@id":"https:\/\/osakaumeda.osaka.catholic.jp\/en\/baptism\/#breadcrumb","itemListElement":[{"@type":"ListItem","position":1,"name":"Home","item":"https:\/\/osakaumeda.osaka.catholic.jp\/ja\/"},{"@type":"ListItem","position":2,"name":"Baptism"}]},{"@type":"WebSite","@id":"https:\/\/osakaumeda.osaka.catholic.jp\/ja\/#website","url":"https:\/\/osakaumeda.osaka.catholic.jp\/ja\/","name":"Iglesia Catolica de Osaka Umeda","description":"","potentialAction":[{"@type":"SearchAction","target":{"@type":"EntryPoint","urlTemplate":"https:\/\/osakaumeda.osaka.catholic.jp\/ja\/?s={search_term_string}"},"query-input":{"@type":"PropertyValueSpecification","valueRequired":true,"valueName":"search_term_string"}}],"inLanguage":"es-ES"}]}},"_links":{"self":[{"href":"https:\/\/osakaumeda.osaka.catholic.jp\/es\/wp-json\/wp\/v2\/pages\/206","targetHints":{"allow":["GET"]}}],"collection":[{"href":"https:\/\/osakaumeda.osaka.catholic.jp\/es\/wp-json\/wp\/v2\/pages"}],"about":[{"href":"https:\/\/osakaumeda.osaka.catholic.jp\/es\/wp-json\/wp\/v2\/types\/page"}],"author":[{"embeddable":true,"href":"https:\/\/osakaumeda.osaka.catholic.jp\/es\/wp-json\/wp\/v2\/users\/1"}],"replies":[{"embeddable":true,"href":"https:\/\/osakaumeda.osaka.catholic.jp\/es\/wp-json\/wp\/v2\/comments?post=206"}],"version-history":[{"count":6,"href":"https:\/\/osakaumeda.osaka.catholic.jp\/es\/wp-json\/wp\/v2\/pages\/206\/revisions"}],"predecessor-version":[{"id":339,"href":"https:\/\/osakaumeda.osaka.catholic.jp\/es\/wp-json\/wp\/v2\/pages\/206\/revisions\/339"}],"wp:attachment":[{"href":"https:\/\/osakaumeda.osaka.catholic.jp\/es\/wp-json\/wp\/v2\/media?parent=206"}],"curies":[{"name":"wp","href":"https:\/\/api.w.org\/{rel}","templated":true}]}}