{"id":222,"date":"2020-12-27T01:21:09","date_gmt":"2020-12-26T16:21:09","guid":{"rendered":"https:\/\/staging.osaka-umeda-church.jp\/en\/?page_id=222"},"modified":"2024-08-05T06:04:42","modified_gmt":"2024-08-04T21:04:42","slug":"introductory-course","status":"publish","type":"page","link":"https:\/\/osakaumeda.osaka.catholic.jp\/es\/introductory-course\/","title":{"rendered":"Cursos de introducci\u00f3n"},"content":{"rendered":"<p><img loading=\"lazy\" decoding=\"async\" src=\"https:\/\/www.osaka-umeda-church.jp\/wp-content\/uploads\/2021\/02\/baptism-300x110.jpg\" alt=\"\" width=\"300\" height=\"110\" class=\"alignnone size-medium wp-image-416\" srcset=\"https:\/\/osakaumeda.osaka.catholic.jp\/wp-content\/uploads\/2021\/02\/baptism-300x110.jpg 300w, https:\/\/osakaumeda.osaka.catholic.jp\/wp-content\/uploads\/2021\/02\/baptism.jpg 372w\" sizes=\"auto, (max-width: 300px) 100vw, 300px\" \/><\/p>\n<p>Los Cursos de introducci\u00f3n al Cristianismo o catequesis, se llevan a cabo para aquellos que quieran aprender las ense\u00f1anzas de la Iglesia Cat\u00f3lica y aquellos que deseen ser bautizados. Por favor comun\u00edquense con la iglesia (<a href=\"tel:0663714060\">06-6371-4060<\/a>).<\/p>\n","protected":false},"excerpt":{"rendered":"<p>Los Cursos de introducci\u00f3n al Cristianismo o catequesis, se llevan a cabo para aquellos que quieran aprender las ense\u00f1anzas de la Iglesia Cat\u00f3lica y aquellos que deseen ser bautizados. Por favor comun\u00edquense con la iglesia (06-6371-4060).<\/p>\n","protected":false},"author":1,"featured_media":0,"parent":0,"menu_order":0,"comment_status":"closed","ping_status":"closed","template":"","meta":{"footnotes":""},"class_list":["post-222","page","type-page","status-publish","hentry"],"yoast_head":"<!-- This site is optimized with the Yoast SEO plugin v27.4 - https:\/\/yoast.com\/product\/yoast-seo-wordpress\/ -->\n<title>Cursos de introducci\u00f3n<\/title>\n<meta name=\"robots\" content=\"index, follow, max-snippet:-1, max-image-preview:large, max-video-preview:-1\" \/>\n<link rel=\"canonical\" href=\"https:\/\/osakaumeda.osaka.catholic.jp\/es\/introductory-course\/\" \/>\n<meta property=\"og:locale\" content=\"es_ES\" \/>\n<meta property=\"og:locale:alternate\" content=\"ja_JP\" \/>\n<meta property=\"og:locale:alternate\" content=\"en_US\" \/>\n<meta property=\"og:locale:alternate\" content=\"ja_JP\" \/>\n<meta property=\"og:locale:alternate\" content=\"en_US\" \/>\n<meta property=\"og:locale:alternate\" content=\"ja_JP\" \/>\n<meta property=\"og:locale:alternate\" content=\"en_US\" \/>\n<meta property=\"og:locale:alternate\" content=\"ja_JP\" \/>\n<meta property=\"og:locale:alternate\" content=\"en_US\" \/>\n<meta property=\"og:type\" content=\"article\" \/>\n<meta property=\"og:title\" content=\"Cursos de introducci\u00f3n\" \/>\n<meta property=\"og:description\" content=\"Los Cursos de introducci\u00f3n al Cristianismo o catequesis, se llevan a cabo para aquellos que quieran aprender las ense\u00f1anzas de la Iglesia Cat\u00f3lica y aquellos que deseen ser bautizados. Por favor comun\u00edquense con la iglesia (06-6371-4060).\" \/>\n<meta property=\"og:url\" content=\"https:\/\/osakaumeda.osaka.catholic.jp\/es\/introductory-course\/\" \/>\n<meta property=\"og:site_name\" content=\"Iglesia Catolica de Osaka Umeda\" \/>\n<meta property=\"article:publisher\" content=\"https:\/\/www.facebook.com\/Sacra-Familia-Osaka-Umeda-110874987335111\" \/>\n<meta property=\"article:modified_time\" content=\"2024-08-04T21:04:42+00:00\" \/>\n<meta property=\"og:image\" content=\"https:\/\/www.osaka-umeda-church.jp\/wp-content\/uploads\/2021\/02\/baptism-300x110.jpg\" \/>\n<meta name=\"twitter:card\" content=\"summary_large_image\" \/>\n<meta name=\"twitter:site\" content=\"@osakaumedach\" \/>\n<meta name=\"twitter:label1\" content=\"Tiempo de lectura\" \/>\n\t<meta name=\"twitter:data1\" content=\"1 minuto\" \/>\n<script type=\"application\/ld+json\" class=\"yoast-schema-graph\">{\"@context\":\"https:\\\/\\\/schema.org\",\"@graph\":[{\"@type\":\"WebPage\",\"@id\":\"https:\\\/\\\/osakaumeda.osaka.catholic.jp\\\/ja\\\/introductory-course\\\/\",\"url\":\"https:\\\/\\\/osakaumeda.osaka.catholic.jp\\\/ja\\\/introductory-course\\\/\",\"name\":\"Cursos de introducci\u00f3n\",\"isPartOf\":{\"@id\":\"https:\\\/\\\/osakaumeda.osaka.catholic.jp\\\/ja\\\/#website\"},\"primaryImageOfPage\":{\"@id\":\"https:\\\/\\\/osakaumeda.osaka.catholic.jp\\\/ja\\\/introductory-course\\\/#primaryimage\"},\"image\":{\"@id\":\"https:\\\/\\\/osakaumeda.osaka.catholic.jp\\\/ja\\\/introductory-course\\\/#primaryimage\"},\"thumbnailUrl\":\"https:\\\/\\\/www.osaka-umeda-church.jp\\\/wp-content\\\/uploads\\\/2021\\\/02\\\/baptism-300x110.jpg\",\"datePublished\":\"2020-12-26T16:21:09+00:00\",\"dateModified\":\"2024-08-04T21:04:42+00:00\",\"breadcrumb\":{\"@id\":\"https:\\\/\\\/osakaumeda.osaka.catholic.jp\\\/ja\\\/introductory-course\\\/#breadcrumb\"},\"inLanguage\":\"es-ES\",\"potentialAction\":[{\"@type\":\"ReadAction\",\"target\":[\"https:\\\/\\\/osakaumeda.osaka.catholic.jp\\\/ja\\\/introductory-course\\\/\"]}]},{\"@type\":\"ImageObject\",\"inLanguage\":\"es-ES\",\"@id\":\"https:\\\/\\\/osakaumeda.osaka.catholic.jp\\\/ja\\\/introductory-course\\\/#primaryimage\",\"url\":\"https:\\\/\\\/www.osaka-umeda-church.jp\\\/wp-content\\\/uploads\\\/2021\\\/02\\\/baptism-300x110.jpg\",\"contentUrl\":\"https:\\\/\\\/www.osaka-umeda-church.jp\\\/wp-content\\\/uploads\\\/2021\\\/02\\\/baptism-300x110.jpg\"},{\"@type\":\"BreadcrumbList\",\"@id\":\"https:\\\/\\\/osakaumeda.osaka.catholic.jp\\\/ja\\\/introductory-course\\\/#breadcrumb\",\"itemListElement\":[{\"@type\":\"ListItem\",\"position\":1,\"name\":\"Home\",\"item\":\"https:\\\/\\\/osakaumeda.osaka.catholic.jp\\\/ja\\\/\"},{\"@type\":\"ListItem\",\"position\":2,\"name\":\"\u5165\u9580\u8b1b\u5ea7\"}]},{\"@type\":\"WebSite\",\"@id\":\"https:\\\/\\\/osakaumeda.osaka.catholic.jp\\\/ja\\\/#website\",\"url\":\"https:\\\/\\\/osakaumeda.osaka.catholic.jp\\\/ja\\\/\",\"name\":\"Iglesia Catolica de Osaka Umeda\",\"description\":\"\",\"potentialAction\":[{\"@type\":\"SearchAction\",\"target\":{\"@type\":\"EntryPoint\",\"urlTemplate\":\"https:\\\/\\\/osakaumeda.osaka.catholic.jp\\\/ja\\\/?s={search_term_string}\"},\"query-input\":{\"@type\":\"PropertyValueSpecification\",\"valueRequired\":true,\"valueName\":\"search_term_string\"}}],\"inLanguage\":\"es-ES\"}]}<\/script>\n<!-- \/ Yoast SEO plugin. -->","yoast_head_json":{"title":"Cursos de introducci\u00f3n","robots":{"index":"index","follow":"follow","max-snippet":"max-snippet:-1","max-image-preview":"max-image-preview:large","max-video-preview":"max-video-preview:-1"},"canonical":"https:\/\/osakaumeda.osaka.catholic.jp\/es\/introductory-course\/","og_locale":"es_ES","og_type":"article","og_title":"Iglesia Catolica de Osaka Umeda - [:ja]\u5165\u9580\u8b1b\u5ea7[:en]Introductory course[:es]Cursos de introducci\u00f3n[:]","og_description":"Los Cursos de introducci\u00f3n al Cristianismo o catequesis, se llevan a cabo para aquellos que quieran aprender las ense\u00f1anzas de la Iglesia Cat\u00f3lica y aquellos que deseen ser bautizados. Por favor comun\u00edquense con la iglesia (06-6371-4060).","og_url":"https:\/\/osakaumeda.osaka.catholic.jp\/es\/introductory-course\/","og_site_name":"Iglesia Catolica de Osaka Umeda","article_publisher":"https:\/\/www.facebook.com\/Sacra-Familia-Osaka-Umeda-110874987335111","article_modified_time":"2024-08-04T21:04:42+00:00","og_image":[{"url":"https:\/\/www.osaka-umeda-church.jp\/wp-content\/uploads\/2021\/02\/baptism-300x110.jpg","type":"","width":"","height":""}],"twitter_card":"summary_large_image","twitter_site":"@osakaumedach","twitter_misc":{"Tiempo de lectura":"1 minuto"},"schema":{"@context":"https:\/\/schema.org","@graph":[{"@type":"WebPage","@id":"https:\/\/osakaumeda.osaka.catholic.jp\/ja\/introductory-course\/","url":"https:\/\/osakaumeda.osaka.catholic.jp\/ja\/introductory-course\/","name":"Cursos de introducci\u00f3n","isPartOf":{"@id":"https:\/\/osakaumeda.osaka.catholic.jp\/ja\/#website"},"primaryImageOfPage":{"@id":"https:\/\/osakaumeda.osaka.catholic.jp\/ja\/introductory-course\/#primaryimage"},"image":{"@id":"https:\/\/osakaumeda.osaka.catholic.jp\/ja\/introductory-course\/#primaryimage"},"thumbnailUrl":"https:\/\/www.osaka-umeda-church.jp\/wp-content\/uploads\/2021\/02\/baptism-300x110.jpg","datePublished":"2020-12-26T16:21:09+00:00","dateModified":"2024-08-04T21:04:42+00:00","breadcrumb":{"@id":"https:\/\/osakaumeda.osaka.catholic.jp\/ja\/introductory-course\/#breadcrumb"},"inLanguage":"es-ES","potentialAction":[{"@type":"ReadAction","target":["https:\/\/osakaumeda.osaka.catholic.jp\/ja\/introductory-course\/"]}]},{"@type":"ImageObject","inLanguage":"es-ES","@id":"https:\/\/osakaumeda.osaka.catholic.jp\/ja\/introductory-course\/#primaryimage","url":"https:\/\/www.osaka-umeda-church.jp\/wp-content\/uploads\/2021\/02\/baptism-300x110.jpg","contentUrl":"https:\/\/www.osaka-umeda-church.jp\/wp-content\/uploads\/2021\/02\/baptism-300x110.jpg"},{"@type":"BreadcrumbList","@id":"https:\/\/osakaumeda.osaka.catholic.jp\/ja\/introductory-course\/#breadcrumb","itemListElement":[{"@type":"ListItem","position":1,"name":"Home","item":"https:\/\/osakaumeda.osaka.catholic.jp\/ja\/"},{"@type":"ListItem","position":2,"name":"\u5165\u9580\u8b1b\u5ea7"}]},{"@type":"WebSite","@id":"https:\/\/osakaumeda.osaka.catholic.jp\/ja\/#website","url":"https:\/\/osakaumeda.osaka.catholic.jp\/ja\/","name":"Iglesia Catolica de Osaka Umeda","description":"","potentialAction":[{"@type":"SearchAction","target":{"@type":"EntryPoint","urlTemplate":"https:\/\/osakaumeda.osaka.catholic.jp\/ja\/?s={search_term_string}"},"query-input":{"@type":"PropertyValueSpecification","valueRequired":true,"valueName":"search_term_string"}}],"inLanguage":"es-ES"}]}},"_links":{"self":[{"href":"https:\/\/osakaumeda.osaka.catholic.jp\/es\/wp-json\/wp\/v2\/pages\/222","targetHints":{"allow":["GET"]}}],"collection":[{"href":"https:\/\/osakaumeda.osaka.catholic.jp\/es\/wp-json\/wp\/v2\/pages"}],"about":[{"href":"https:\/\/osakaumeda.osaka.catholic.jp\/es\/wp-json\/wp\/v2\/types\/page"}],"author":[{"embeddable":true,"href":"https:\/\/osakaumeda.osaka.catholic.jp\/es\/wp-json\/wp\/v2\/users\/1"}],"replies":[{"embeddable":true,"href":"https:\/\/osakaumeda.osaka.catholic.jp\/es\/wp-json\/wp\/v2\/comments?post=222"}],"version-history":[{"count":29,"href":"https:\/\/osakaumeda.osaka.catholic.jp\/es\/wp-json\/wp\/v2\/pages\/222\/revisions"}],"predecessor-version":[{"id":1924,"href":"https:\/\/osakaumeda.osaka.catholic.jp\/es\/wp-json\/wp\/v2\/pages\/222\/revisions\/1924"}],"wp:attachment":[{"href":"https:\/\/osakaumeda.osaka.catholic.jp\/es\/wp-json\/wp\/v2\/media?parent=222"}],"curies":[{"name":"wp","href":"https:\/\/api.w.org\/{rel}","templated":true}]}}