{"id":227,"date":"2020-12-27T01:22:11","date_gmt":"2020-12-26T16:22:11","guid":{"rendered":"https:\/\/staging.osaka-umeda-church.jp\/en\/?page_id=227"},"modified":"2024-09-06T15:12:55","modified_gmt":"2024-09-06T06:12:55","slug":"parishioners","status":"publish","type":"page","link":"https:\/\/osakaumeda.osaka.catholic.jp\/es\/parishioners\/","title":{"rendered":"Feligreses"},"content":{"rendered":"<h2>Compartir \u00aboraci\u00f3n\u00bb y \u00abpalabra\u00bb<\/h2>\n<p><img loading=\"lazy\" decoding=\"async\" class=\"alignnone size-full wp-image-404\" src=\"https:\/\/www.osaka-umeda-church.jp\/wp-content\/uploads\/2021\/02\/book-light.jpg\" alt=\"\" width=\"300\" height=\"168\" \/><br \/>\nCu\u00e1ndo: segundo s\u00e1bado<br \/>\nUbicaci\u00f3n: Capilla<br \/>\nHorario: 8 horas (despu\u00e9s de la misa de la ma\u00f1ana)<br \/>\nResponsable: Hermana Yoshizumi<\/p>\n<h2>Construya una base s\u00f3lida para el cristianismo<\/h2>\n<p><img loading=\"lazy\" decoding=\"async\" class=\"alignnone size-full wp-image-405\" src=\"https:\/\/www.osaka-umeda-church.jp\/wp-content\/uploads\/2021\/02\/jesus.jpg\" alt=\"\" width=\"259\" height=\"194\" \/><br \/>\n<img loading=\"lazy\" decoding=\"async\" class=\"alignnone size-medium wp-image-406\" src=\"https:\/\/www.osaka-umeda-church.jp\/wp-content\/uploads\/2021\/02\/religions.jpg\" alt=\"\" width=\"200\" height=\"233\" \/><br \/>\nCu\u00e1ndo: 2 y 4 (viernes)<br \/>\nA qu\u00e9 hora: 19: 00-21 en punto<br \/>\nD\u00f3nde: Iglesia Osaka Umeda (cuarto piso)<br \/>\nConsultas: 06-6371-4060<br \/>\nResponsable: Padre Carlos<\/p>\n<h2>Un viaje para caminar juntos<\/h2>\n<p><img loading=\"lazy\" decoding=\"async\" class=\"alignnone size-medium wp-image-408\" src=\"https:\/\/www.osaka-umeda-church.jp\/wp-content\/uploads\/2021\/02\/puzzle.jpg\" alt=\"\" width=\"227\" height=\"222\" \/><br \/>\n<img loading=\"lazy\" decoding=\"async\" class=\"alignnone size-medium wp-image-407\" src=\"https:\/\/www.osaka-umeda-church.jp\/wp-content\/uploads\/2021\/02\/jesus2-240x300.jpg\" alt=\"\" width=\"240\" height=\"300\" srcset=\"https:\/\/osakaumeda.osaka.catholic.jp\/wp-content\/uploads\/2021\/02\/jesus2-240x300.jpg 240w, https:\/\/osakaumeda.osaka.catholic.jp\/wp-content\/uploads\/2021\/02\/jesus2.jpg 360w\" sizes=\"auto, (max-width: 240px) 100vw, 240px\" \/><br \/>\nCu\u00e1ndo: 2 y 4 (s\u00e1bado)<br \/>\nD\u00f3nde: Osaka Umeda Church-Sekime Church<br \/>\nA qu\u00e9 hora: 15: 00-16: 30<br \/>\nConsultas: 06-6371-4060<br \/>\nResponsable: Hermana Yoshizumi, Padre Carlos<\/p>\n","protected":false},"excerpt":{"rendered":"<p>Compartir \u00aboraci\u00f3n\u00bb y \u00abpalabra\u00bb Cu\u00e1ndo: segundo s\u00e1bado Ubicaci\u00f3n: Capilla Horario: 8 horas (despu\u00e9s de la misa de la ma\u00f1ana) Responsable: Hermana Yoshizumi Construya una base s\u00f3lida para el cristianismo Cu\u00e1ndo: 2 y 4 (viernes) A qu\u00e9 hora: 19: 00-21 en punto D\u00f3nde: Iglesia Osaka Umeda (cuarto piso) Consultas: 06-6371-4060 Responsable: Padre Carlos Un viaje para &hellip; <a href=\"https:\/\/osakaumeda.osaka.catholic.jp\/es\/parishioners\/\">Continued<\/a><\/p>\n","protected":false},"author":1,"featured_media":0,"parent":0,"menu_order":0,"comment_status":"closed","ping_status":"closed","template":"","meta":{"footnotes":""},"class_list":["post-227","page","type-page","status-publish","hentry"],"yoast_head":"<!-- This site is optimized with the Yoast SEO plugin v27.4 - https:\/\/yoast.com\/product\/yoast-seo-wordpress\/ -->\n<title>Feligreses<\/title>\n<meta name=\"robots\" content=\"index, follow, max-snippet:-1, max-image-preview:large, max-video-preview:-1\" \/>\n<link rel=\"canonical\" href=\"https:\/\/osakaumeda.osaka.catholic.jp\/es\/parishioners\/\" \/>\n<meta property=\"og:locale\" content=\"es_ES\" \/>\n<meta property=\"og:locale:alternate\" content=\"ja_JP\" \/>\n<meta property=\"og:locale:alternate\" content=\"en_US\" \/>\n<meta property=\"og:locale:alternate\" content=\"ja_JP\" \/>\n<meta property=\"og:locale:alternate\" content=\"en_US\" \/>\n<meta property=\"og:locale:alternate\" content=\"ja_JP\" \/>\n<meta property=\"og:locale:alternate\" content=\"en_US\" \/>\n<meta property=\"og:locale:alternate\" content=\"ja_JP\" \/>\n<meta property=\"og:locale:alternate\" content=\"en_US\" \/>\n<meta property=\"og:type\" content=\"article\" \/>\n<meta property=\"og:title\" content=\"Feligreses\" \/>\n<meta property=\"og:description\" content=\"Compartir \u00aboraci\u00f3n\u00bb y \u00abpalabra\u00bb Cu\u00e1ndo: segundo s\u00e1bado Ubicaci\u00f3n: Capilla Horario: 8 horas (despu\u00e9s de la misa de la ma\u00f1ana) Responsable: Hermana Yoshizumi Construya una base s\u00f3lida para el cristianismo Cu\u00e1ndo: 2 y 4 (viernes) A qu\u00e9 hora: 19: 00-21 en punto D\u00f3nde: Iglesia Osaka Umeda (cuarto piso) Consultas: 06-6371-4060 Responsable: Padre Carlos Un viaje para &hellip; Continued\" \/>\n<meta property=\"og:url\" content=\"https:\/\/osakaumeda.osaka.catholic.jp\/es\/parishioners\/\" \/>\n<meta property=\"og:site_name\" content=\"Iglesia Catolica de Osaka Umeda\" \/>\n<meta property=\"article:publisher\" content=\"https:\/\/www.facebook.com\/Sacra-Familia-Osaka-Umeda-110874987335111\" \/>\n<meta property=\"article:modified_time\" content=\"2024-09-06T06:12:55+00:00\" \/>\n<meta property=\"og:image\" content=\"https:\/\/www.osaka-umeda-church.jp\/wp-content\/uploads\/2021\/02\/book-light.jpg\" \/>\n<meta name=\"twitter:card\" content=\"summary_large_image\" \/>\n<meta name=\"twitter:site\" content=\"@osakaumedach\" \/>\n<meta name=\"twitter:label1\" content=\"Tiempo de lectura\" \/>\n\t<meta name=\"twitter:data1\" content=\"1 minuto\" \/>\n<script type=\"application\/ld+json\" class=\"yoast-schema-graph\">{\"@context\":\"https:\\\/\\\/schema.org\",\"@graph\":[{\"@type\":\"WebPage\",\"@id\":\"https:\\\/\\\/osakaumeda.osaka.catholic.jp\\\/ja\\\/parishioners\\\/\",\"url\":\"https:\\\/\\\/osakaumeda.osaka.catholic.jp\\\/ja\\\/parishioners\\\/\",\"name\":\"Feligreses\",\"isPartOf\":{\"@id\":\"https:\\\/\\\/osakaumeda.osaka.catholic.jp\\\/ja\\\/#website\"},\"primaryImageOfPage\":{\"@id\":\"https:\\\/\\\/osakaumeda.osaka.catholic.jp\\\/ja\\\/parishioners\\\/#primaryimage\"},\"image\":{\"@id\":\"https:\\\/\\\/osakaumeda.osaka.catholic.jp\\\/ja\\\/parishioners\\\/#primaryimage\"},\"thumbnailUrl\":\"https:\\\/\\\/www.osaka-umeda-church.jp\\\/wp-content\\\/uploads\\\/2021\\\/02\\\/book-light.jpg\",\"datePublished\":\"2020-12-26T16:22:11+00:00\",\"dateModified\":\"2024-09-06T06:12:55+00:00\",\"breadcrumb\":{\"@id\":\"https:\\\/\\\/osakaumeda.osaka.catholic.jp\\\/ja\\\/parishioners\\\/#breadcrumb\"},\"inLanguage\":\"es-ES\",\"potentialAction\":[{\"@type\":\"ReadAction\",\"target\":[\"https:\\\/\\\/osakaumeda.osaka.catholic.jp\\\/ja\\\/parishioners\\\/\"]}]},{\"@type\":\"ImageObject\",\"inLanguage\":\"es-ES\",\"@id\":\"https:\\\/\\\/osakaumeda.osaka.catholic.jp\\\/ja\\\/parishioners\\\/#primaryimage\",\"url\":\"https:\\\/\\\/www.osaka-umeda-church.jp\\\/wp-content\\\/uploads\\\/2021\\\/02\\\/book-light.jpg\",\"contentUrl\":\"https:\\\/\\\/www.osaka-umeda-church.jp\\\/wp-content\\\/uploads\\\/2021\\\/02\\\/book-light.jpg\"},{\"@type\":\"BreadcrumbList\",\"@id\":\"https:\\\/\\\/osakaumeda.osaka.catholic.jp\\\/ja\\\/parishioners\\\/#breadcrumb\",\"itemListElement\":[{\"@type\":\"ListItem\",\"position\":1,\"name\":\"Home\",\"item\":\"https:\\\/\\\/osakaumeda.osaka.catholic.jp\\\/ja\\\/\"},{\"@type\":\"ListItem\",\"position\":2,\"name\":\"\u4fe1\u5f92\u306e\u65b9\u3078\"}]},{\"@type\":\"WebSite\",\"@id\":\"https:\\\/\\\/osakaumeda.osaka.catholic.jp\\\/ja\\\/#website\",\"url\":\"https:\\\/\\\/osakaumeda.osaka.catholic.jp\\\/ja\\\/\",\"name\":\"Iglesia Catolica de Osaka Umeda\",\"description\":\"\",\"potentialAction\":[{\"@type\":\"SearchAction\",\"target\":{\"@type\":\"EntryPoint\",\"urlTemplate\":\"https:\\\/\\\/osakaumeda.osaka.catholic.jp\\\/ja\\\/?s={search_term_string}\"},\"query-input\":{\"@type\":\"PropertyValueSpecification\",\"valueRequired\":true,\"valueName\":\"search_term_string\"}}],\"inLanguage\":\"es-ES\"}]}<\/script>\n<!-- \/ Yoast SEO plugin. -->","yoast_head_json":{"title":"Feligreses","robots":{"index":"index","follow":"follow","max-snippet":"max-snippet:-1","max-image-preview":"max-image-preview:large","max-video-preview":"max-video-preview:-1"},"canonical":"https:\/\/osakaumeda.osaka.catholic.jp\/es\/parishioners\/","og_locale":"es_ES","og_type":"article","og_title":"Iglesia Catolica de Osaka Umeda - [:ja]\u4fe1\u5f92\u306e\u65b9\u3078[:en]Parishioners[:es]Feligreses[:]","og_description":"Compartir \u00aboraci\u00f3n\u00bb y \u00abpalabra\u00bb Cu\u00e1ndo: segundo s\u00e1bado Ubicaci\u00f3n: Capilla Horario: 8 horas (despu\u00e9s de la misa de la ma\u00f1ana) Responsable: Hermana Yoshizumi Construya una base s\u00f3lida para el cristianismo Cu\u00e1ndo: 2 y 4 (viernes) A qu\u00e9 hora: 19: 00-21 en punto D\u00f3nde: Iglesia Osaka Umeda (cuarto piso) Consultas: 06-6371-4060 Responsable: Padre Carlos Un viaje para &hellip; Continued","og_url":"https:\/\/osakaumeda.osaka.catholic.jp\/es\/parishioners\/","og_site_name":"Iglesia Catolica de Osaka Umeda","article_publisher":"https:\/\/www.facebook.com\/Sacra-Familia-Osaka-Umeda-110874987335111","article_modified_time":"2024-09-06T06:12:55+00:00","og_image":[{"url":"https:\/\/www.osaka-umeda-church.jp\/wp-content\/uploads\/2021\/02\/book-light.jpg","type":"","width":"","height":""}],"twitter_card":"summary_large_image","twitter_site":"@osakaumedach","twitter_misc":{"Tiempo de lectura":"1 minuto"},"schema":{"@context":"https:\/\/schema.org","@graph":[{"@type":"WebPage","@id":"https:\/\/osakaumeda.osaka.catholic.jp\/ja\/parishioners\/","url":"https:\/\/osakaumeda.osaka.catholic.jp\/ja\/parishioners\/","name":"Feligreses","isPartOf":{"@id":"https:\/\/osakaumeda.osaka.catholic.jp\/ja\/#website"},"primaryImageOfPage":{"@id":"https:\/\/osakaumeda.osaka.catholic.jp\/ja\/parishioners\/#primaryimage"},"image":{"@id":"https:\/\/osakaumeda.osaka.catholic.jp\/ja\/parishioners\/#primaryimage"},"thumbnailUrl":"https:\/\/www.osaka-umeda-church.jp\/wp-content\/uploads\/2021\/02\/book-light.jpg","datePublished":"2020-12-26T16:22:11+00:00","dateModified":"2024-09-06T06:12:55+00:00","breadcrumb":{"@id":"https:\/\/osakaumeda.osaka.catholic.jp\/ja\/parishioners\/#breadcrumb"},"inLanguage":"es-ES","potentialAction":[{"@type":"ReadAction","target":["https:\/\/osakaumeda.osaka.catholic.jp\/ja\/parishioners\/"]}]},{"@type":"ImageObject","inLanguage":"es-ES","@id":"https:\/\/osakaumeda.osaka.catholic.jp\/ja\/parishioners\/#primaryimage","url":"https:\/\/www.osaka-umeda-church.jp\/wp-content\/uploads\/2021\/02\/book-light.jpg","contentUrl":"https:\/\/www.osaka-umeda-church.jp\/wp-content\/uploads\/2021\/02\/book-light.jpg"},{"@type":"BreadcrumbList","@id":"https:\/\/osakaumeda.osaka.catholic.jp\/ja\/parishioners\/#breadcrumb","itemListElement":[{"@type":"ListItem","position":1,"name":"Home","item":"https:\/\/osakaumeda.osaka.catholic.jp\/ja\/"},{"@type":"ListItem","position":2,"name":"\u4fe1\u5f92\u306e\u65b9\u3078"}]},{"@type":"WebSite","@id":"https:\/\/osakaumeda.osaka.catholic.jp\/ja\/#website","url":"https:\/\/osakaumeda.osaka.catholic.jp\/ja\/","name":"Iglesia Catolica de Osaka Umeda","description":"","potentialAction":[{"@type":"SearchAction","target":{"@type":"EntryPoint","urlTemplate":"https:\/\/osakaumeda.osaka.catholic.jp\/ja\/?s={search_term_string}"},"query-input":{"@type":"PropertyValueSpecification","valueRequired":true,"valueName":"search_term_string"}}],"inLanguage":"es-ES"}]}},"_links":{"self":[{"href":"https:\/\/osakaumeda.osaka.catholic.jp\/es\/wp-json\/wp\/v2\/pages\/227","targetHints":{"allow":["GET"]}}],"collection":[{"href":"https:\/\/osakaumeda.osaka.catholic.jp\/es\/wp-json\/wp\/v2\/pages"}],"about":[{"href":"https:\/\/osakaumeda.osaka.catholic.jp\/es\/wp-json\/wp\/v2\/types\/page"}],"author":[{"embeddable":true,"href":"https:\/\/osakaumeda.osaka.catholic.jp\/es\/wp-json\/wp\/v2\/users\/1"}],"replies":[{"embeddable":true,"href":"https:\/\/osakaumeda.osaka.catholic.jp\/es\/wp-json\/wp\/v2\/comments?post=227"}],"version-history":[{"count":28,"href":"https:\/\/osakaumeda.osaka.catholic.jp\/es\/wp-json\/wp\/v2\/pages\/227\/revisions"}],"predecessor-version":[{"id":4367,"href":"https:\/\/osakaumeda.osaka.catholic.jp\/es\/wp-json\/wp\/v2\/pages\/227\/revisions\/4367"}],"wp:attachment":[{"href":"https:\/\/osakaumeda.osaka.catholic.jp\/es\/wp-json\/wp\/v2\/media?parent=227"}],"curies":[{"name":"wp","href":"https:\/\/api.w.org\/{rel}","templated":true}]}}