{"id":385,"date":"2021-02-02T01:59:53","date_gmt":"2021-02-01T16:59:53","guid":{"rendered":"https:\/\/staging.osaka-umeda-church.jp\/en\/?page_id=385"},"modified":"2021-02-04T21:52:39","modified_gmt":"2021-02-04T12:52:39","slug":"newcomers","status":"publish","type":"page","link":"https:\/\/osakaumeda.osaka.catholic.jp\/es\/newcomers\/","title":{"rendered":"Nuevos visitantes"},"content":{"rendered":"<h2>\u00bfQu\u00e9 tipo de lugar es la Iglesia?<\/h2>\n<p>\nUn lugar para descansar y rezar. Tambi\u00e9n valoramos el compa\u00f1erismo entre las personas y nos esforzamos por respetarnos y reconocernos unos a otros. Tambi\u00e9n es un lugar donde todos pueden reunirse sin importar su pa\u00eds, estatus, ocupaci\u00f3n o g\u00e9nero.\n<\/p>\n<h2>\u00bfCualquiera puede entrar?<\/h2>\n<p>\nPor supuesto, no dude en venir a visitarnos. Las puertas de la iglesia est\u00e1n siempre abiertas para aquellos que quieran entrar y orar, relajarse con el Se\u00f1or y as\u00ed encontrar sentido a la vida.\n<\/p>\n<h2>\u00bfPuedo participar en la Misa (celebraci\u00f3n eucar\u00edstica)?<\/h2>\n<p>\nLos no creyentes tambi\u00e9n pueden participar en la Misa con nosotros. Si est\u00e1 interesado, \u00bfpor qu\u00e9 no lo prueba una vez? La misa es la oraci\u00f3n m\u00e1s importante de la Iglesia cat\u00f3lica.\n<\/p>\n<h2>\u00bfQu\u00e9 haces?<\/h2>\n<p>\nTodos los domingos en la misa adoramos a Dios, escuchamos las palabras de la Biblia y la usamos como alimento para nuestras vidas.\n<\/p>\n<h2>\u00bfPor qu\u00e9 debo rezar?<\/h2>\n<p>\n\u201cEn tiempos de dolor\u201d, por supuesto. Est\u00e1 bien orar cuando hay problemas. Pero antes que nada, ser\u00eda bueno orar y agradecer a Dios por su salud y felicidad.\n<\/p>\n<h2>\u00bfQui\u00e9n es un sacerdote?<\/h2>\n<p>\nAquel que ense\u00f1a las ense\u00f1anzas de Jes\u00fas, ora y gu\u00eda a las personas hacia Dios. Como sacerdote cat\u00f3lico, preside la celebraci\u00f3n eucar\u00edstica y realiza otros servicios lit\u00fargicos.\n<\/p>\n<h2>\u00bfQuien es Dios?<\/h2>\n<p>\n\u201cPadre celestial\u201d que nos ama y quiere salvarnos. \u00c9l siempre est\u00e1 cerca de nosotros y nos protege.\n<\/p>\n<h2>\u00bfPuedes tener una boda en la iglesia?<\/h2>\n<p>\nS\u00ed, incluso si no eres cat\u00f3lico puedes participar en el Curso matrimonial y celebrar una boda. Ven a la iglesia y consulta con el sacerdote. Estaremos encantados de ayudarle a empezar.\n<\/p>\n<h2>\u00bfCu\u00e1l es la diferencia entre cat\u00f3licos y protestantes?<\/h2>\n<p>\nAmbos son cristianos y la Biblia es la misma, pero existen algunas diferencias en sus interpretaciones y ense\u00f1anzas (Tradici\u00f3n de la Iglesia, incluida, la vida de los Santos). En cuanto al n\u00famero de creyentes, muchos cristianos en el mundo pertenecen a la Iglesia Cat\u00f3lica. La Iglesia Cat\u00f3lica (que significa \u00abuniversal\u00bb) tiene una sola ense\u00f1anza en el mundo. El L\u00edder Supremo es el Papa (Santo Padre) que vive en Roma. El protestantismo se separ\u00f3 del catolicismo durante la reforma y tiene muchas denominaciones.<\/p>\n","protected":false},"excerpt":{"rendered":"<p>\u00bfQu\u00e9 tipo de lugar es la Iglesia? Un lugar para descansar y rezar. Tambi\u00e9n valoramos el compa\u00f1erismo entre las personas y nos esforzamos por respetarnos y reconocernos unos a otros. Tambi\u00e9n es un lugar donde todos pueden reunirse sin importar su pa\u00eds, estatus, ocupaci\u00f3n o g\u00e9nero. \u00bfCualquiera puede entrar? Por supuesto, no dude en venir &hellip; <a href=\"https:\/\/osakaumeda.osaka.catholic.jp\/es\/newcomers\/\">Continued<\/a><\/p>\n","protected":false},"author":1,"featured_media":0,"parent":0,"menu_order":0,"comment_status":"closed","ping_status":"closed","template":"","meta":{"footnotes":""},"class_list":["post-385","page","type-page","status-publish","hentry"],"yoast_head":"<!-- This site is optimized with the Yoast SEO plugin v27.4 - https:\/\/yoast.com\/product\/yoast-seo-wordpress\/ -->\n<title>Nuevos visitantes<\/title>\n<meta name=\"robots\" content=\"index, follow, max-snippet:-1, max-image-preview:large, max-video-preview:-1\" \/>\n<link rel=\"canonical\" href=\"https:\/\/osakaumeda.osaka.catholic.jp\/es\/newcomers\/\" \/>\n<meta property=\"og:locale\" content=\"es_ES\" \/>\n<meta property=\"og:locale:alternate\" content=\"ja_JP\" \/>\n<meta property=\"og:locale:alternate\" content=\"en_US\" \/>\n<meta property=\"og:locale:alternate\" content=\"ja_JP\" \/>\n<meta property=\"og:locale:alternate\" content=\"en_US\" \/>\n<meta property=\"og:locale:alternate\" content=\"ja_JP\" \/>\n<meta property=\"og:locale:alternate\" content=\"en_US\" \/>\n<meta property=\"og:locale:alternate\" content=\"ja_JP\" \/>\n<meta property=\"og:locale:alternate\" content=\"en_US\" \/>\n<meta property=\"og:type\" content=\"article\" \/>\n<meta property=\"og:title\" content=\"Nuevos visitantes\" \/>\n<meta property=\"og:description\" content=\"\u00bfQu\u00e9 tipo de lugar es la Iglesia? Un lugar para descansar y rezar. Tambi\u00e9n valoramos el compa\u00f1erismo entre las personas y nos esforzamos por respetarnos y reconocernos unos a otros. Tambi\u00e9n es un lugar donde todos pueden reunirse sin importar su pa\u00eds, estatus, ocupaci\u00f3n o g\u00e9nero. \u00bfCualquiera puede entrar? Por supuesto, no dude en venir &hellip; Continued\" \/>\n<meta property=\"og:url\" content=\"https:\/\/osakaumeda.osaka.catholic.jp\/es\/newcomers\/\" \/>\n<meta property=\"og:site_name\" content=\"Iglesia Catolica de Osaka Umeda\" \/>\n<meta property=\"article:publisher\" content=\"https:\/\/www.facebook.com\/Sacra-Familia-Osaka-Umeda-110874987335111\" \/>\n<meta property=\"article:modified_time\" content=\"2021-02-04T12:52:39+00:00\" \/>\n<meta name=\"twitter:card\" content=\"summary_large_image\" \/>\n<meta name=\"twitter:site\" content=\"@osakaumedach\" \/>\n<meta name=\"twitter:label1\" content=\"Tiempo de lectura\" \/>\n\t<meta name=\"twitter:data1\" content=\"4 minutos\" \/>\n<script type=\"application\/ld+json\" class=\"yoast-schema-graph\">{\"@context\":\"https:\\\/\\\/schema.org\",\"@graph\":[{\"@type\":\"WebPage\",\"@id\":\"https:\\\/\\\/osakaumeda.osaka.catholic.jp\\\/ja\\\/newcomers\\\/\",\"url\":\"https:\\\/\\\/osakaumeda.osaka.catholic.jp\\\/ja\\\/newcomers\\\/\",\"name\":\"Nuevos visitantes\",\"isPartOf\":{\"@id\":\"https:\\\/\\\/osakaumeda.osaka.catholic.jp\\\/ja\\\/#website\"},\"datePublished\":\"2021-02-01T16:59:53+00:00\",\"dateModified\":\"2021-02-04T12:52:39+00:00\",\"breadcrumb\":{\"@id\":\"https:\\\/\\\/osakaumeda.osaka.catholic.jp\\\/ja\\\/newcomers\\\/#breadcrumb\"},\"inLanguage\":\"es-ES\",\"potentialAction\":[{\"@type\":\"ReadAction\",\"target\":[\"https:\\\/\\\/osakaumeda.osaka.catholic.jp\\\/ja\\\/newcomers\\\/\"]}]},{\"@type\":\"BreadcrumbList\",\"@id\":\"https:\\\/\\\/osakaumeda.osaka.catholic.jp\\\/ja\\\/newcomers\\\/#breadcrumb\",\"itemListElement\":[{\"@type\":\"ListItem\",\"position\":1,\"name\":\"Home\",\"item\":\"https:\\\/\\\/osakaumeda.osaka.catholic.jp\\\/ja\\\/\"},{\"@type\":\"ListItem\",\"position\":2,\"name\":\"\u521d\u3081\u3066\u306e\u65b9\u3078\"}]},{\"@type\":\"WebSite\",\"@id\":\"https:\\\/\\\/osakaumeda.osaka.catholic.jp\\\/ja\\\/#website\",\"url\":\"https:\\\/\\\/osakaumeda.osaka.catholic.jp\\\/ja\\\/\",\"name\":\"Iglesia Catolica de Osaka Umeda\",\"description\":\"\",\"potentialAction\":[{\"@type\":\"SearchAction\",\"target\":{\"@type\":\"EntryPoint\",\"urlTemplate\":\"https:\\\/\\\/osakaumeda.osaka.catholic.jp\\\/ja\\\/?s={search_term_string}\"},\"query-input\":{\"@type\":\"PropertyValueSpecification\",\"valueRequired\":true,\"valueName\":\"search_term_string\"}}],\"inLanguage\":\"es-ES\"}]}<\/script>\n<!-- \/ Yoast SEO plugin. -->","yoast_head_json":{"title":"Nuevos visitantes","robots":{"index":"index","follow":"follow","max-snippet":"max-snippet:-1","max-image-preview":"max-image-preview:large","max-video-preview":"max-video-preview:-1"},"canonical":"https:\/\/osakaumeda.osaka.catholic.jp\/es\/newcomers\/","og_locale":"es_ES","og_type":"article","og_title":"Iglesia Catolica de Osaka Umeda - [:ja]\u521d\u3081\u3066\u306e\u65b9\u3078[:en]Newcomers[:es]Nuevos visitantes[:]","og_description":"\u00bfQu\u00e9 tipo de lugar es la Iglesia? Un lugar para descansar y rezar. Tambi\u00e9n valoramos el compa\u00f1erismo entre las personas y nos esforzamos por respetarnos y reconocernos unos a otros. Tambi\u00e9n es un lugar donde todos pueden reunirse sin importar su pa\u00eds, estatus, ocupaci\u00f3n o g\u00e9nero. \u00bfCualquiera puede entrar? Por supuesto, no dude en venir &hellip; Continued","og_url":"https:\/\/osakaumeda.osaka.catholic.jp\/es\/newcomers\/","og_site_name":"Iglesia Catolica de Osaka Umeda","article_publisher":"https:\/\/www.facebook.com\/Sacra-Familia-Osaka-Umeda-110874987335111","article_modified_time":"2021-02-04T12:52:39+00:00","twitter_card":"summary_large_image","twitter_site":"@osakaumedach","twitter_misc":{"Tiempo de lectura":"4 minutos"},"schema":{"@context":"https:\/\/schema.org","@graph":[{"@type":"WebPage","@id":"https:\/\/osakaumeda.osaka.catholic.jp\/ja\/newcomers\/","url":"https:\/\/osakaumeda.osaka.catholic.jp\/ja\/newcomers\/","name":"Nuevos visitantes","isPartOf":{"@id":"https:\/\/osakaumeda.osaka.catholic.jp\/ja\/#website"},"datePublished":"2021-02-01T16:59:53+00:00","dateModified":"2021-02-04T12:52:39+00:00","breadcrumb":{"@id":"https:\/\/osakaumeda.osaka.catholic.jp\/ja\/newcomers\/#breadcrumb"},"inLanguage":"es-ES","potentialAction":[{"@type":"ReadAction","target":["https:\/\/osakaumeda.osaka.catholic.jp\/ja\/newcomers\/"]}]},{"@type":"BreadcrumbList","@id":"https:\/\/osakaumeda.osaka.catholic.jp\/ja\/newcomers\/#breadcrumb","itemListElement":[{"@type":"ListItem","position":1,"name":"Home","item":"https:\/\/osakaumeda.osaka.catholic.jp\/ja\/"},{"@type":"ListItem","position":2,"name":"\u521d\u3081\u3066\u306e\u65b9\u3078"}]},{"@type":"WebSite","@id":"https:\/\/osakaumeda.osaka.catholic.jp\/ja\/#website","url":"https:\/\/osakaumeda.osaka.catholic.jp\/ja\/","name":"Iglesia Catolica de Osaka Umeda","description":"","potentialAction":[{"@type":"SearchAction","target":{"@type":"EntryPoint","urlTemplate":"https:\/\/osakaumeda.osaka.catholic.jp\/ja\/?s={search_term_string}"},"query-input":{"@type":"PropertyValueSpecification","valueRequired":true,"valueName":"search_term_string"}}],"inLanguage":"es-ES"}]}},"_links":{"self":[{"href":"https:\/\/osakaumeda.osaka.catholic.jp\/es\/wp-json\/wp\/v2\/pages\/385","targetHints":{"allow":["GET"]}}],"collection":[{"href":"https:\/\/osakaumeda.osaka.catholic.jp\/es\/wp-json\/wp\/v2\/pages"}],"about":[{"href":"https:\/\/osakaumeda.osaka.catholic.jp\/es\/wp-json\/wp\/v2\/types\/page"}],"author":[{"embeddable":true,"href":"https:\/\/osakaumeda.osaka.catholic.jp\/es\/wp-json\/wp\/v2\/users\/1"}],"replies":[{"embeddable":true,"href":"https:\/\/osakaumeda.osaka.catholic.jp\/es\/wp-json\/wp\/v2\/comments?post=385"}],"version-history":[{"count":12,"href":"https:\/\/osakaumeda.osaka.catholic.jp\/es\/wp-json\/wp\/v2\/pages\/385\/revisions"}],"predecessor-version":[{"id":435,"href":"https:\/\/osakaumeda.osaka.catholic.jp\/es\/wp-json\/wp\/v2\/pages\/385\/revisions\/435"}],"wp:attachment":[{"href":"https:\/\/osakaumeda.osaka.catholic.jp\/es\/wp-json\/wp\/v2\/media?parent=385"}],"curies":[{"name":"wp","href":"https:\/\/api.w.org\/{rel}","templated":true}]}}