{"id":94,"date":"2023-09-30T00:10:40","date_gmt":"2023-09-29T15:10:40","guid":{"rendered":"https:\/\/staging.osaka-umeda-church.jp\/en\/?page_id=94"},"modified":"2026-02-14T10:12:38","modified_gmt":"2026-02-14T01:12:38","slug":"mass-schedule","status":"publish","type":"page","link":"https:\/\/osakaumeda.osaka.catholic.jp\/es\/mass-schedule\/","title":{"rendered":"Misa y calendario"},"content":{"rendered":"<table>\n<tbody>\n<tr>\n<td>DOMINGOS<\/td>\n<td>A LAS 7 H Y 11 H (JAPONES)<br \/>\nA LAS 9 H Y 13 H (INGLES)<br \/>\nSEGUNDO DOMINGO A LAS 15 H (ESPA\u00d1OL)<\/td>\n<\/tr>\n<\/tbody>\n<\/table>\n<h2>Misas de Navidad y A\u00f1o Nuevo<\/h2>\n<p>&#8211; 24 de diciembre de 2025 (mi\u00e9rcoles): 17:00 (en japon\u00e9s) y 19:00 (en ingl\u00e9s)<br \/>\n&#8211; 25 de diciembre de 2025 (jueves): 10:00 (en japon\u00e9s e ingl\u00e9s)<br \/>\n&#8211; 1 de enero de 2026 (jueves): 10:00 (en japon\u00e9s e ingl\u00e9s)<\/p>\n","protected":false},"excerpt":{"rendered":"<p>DOMINGOS A LAS 7 H Y 11 H (JAPONES) A LAS 9 H Y 13 H (INGLES) SEGUNDO DOMINGO A LAS 15 H (ESPA\u00d1OL) Misas de Navidad y A\u00f1o Nuevo &#8211; 24 de diciembre de 2025 (mi\u00e9rcoles): 17:00 (en japon\u00e9s) y 19:00 (en ingl\u00e9s) &#8211; 25 de diciembre de 2025 (jueves): 10:00 (en japon\u00e9s e &hellip; <a href=\"https:\/\/osakaumeda.osaka.catholic.jp\/es\/mass-schedule\/\">Continued<\/a><\/p>\n","protected":false},"author":4,"featured_media":0,"parent":0,"menu_order":0,"comment_status":"closed","ping_status":"closed","template":"","meta":{"footnotes":""},"class_list":["post-94","page","type-page","status-publish","hentry"],"yoast_head":"<!-- This site is optimized with the Yoast SEO plugin v27.4 - https:\/\/yoast.com\/product\/yoast-seo-wordpress\/ -->\n<title>Misa y calendario<\/title>\n<meta name=\"robots\" content=\"index, follow, max-snippet:-1, max-image-preview:large, max-video-preview:-1\" \/>\n<link rel=\"canonical\" href=\"https:\/\/osakaumeda.osaka.catholic.jp\/es\/mass-schedule\/\" \/>\n<meta property=\"og:locale\" content=\"es_ES\" \/>\n<meta property=\"og:locale:alternate\" content=\"ja_JP\" \/>\n<meta property=\"og:locale:alternate\" content=\"en_US\" \/>\n<meta property=\"og:locale:alternate\" content=\"ja_JP\" \/>\n<meta property=\"og:locale:alternate\" content=\"en_US\" \/>\n<meta property=\"og:locale:alternate\" content=\"ja_JP\" \/>\n<meta property=\"og:locale:alternate\" content=\"en_US\" \/>\n<meta property=\"og:locale:alternate\" content=\"ja_JP\" \/>\n<meta property=\"og:locale:alternate\" content=\"en_US\" \/>\n<meta property=\"og:locale:alternate\" content=\"ja_JP\" \/>\n<meta property=\"og:locale:alternate\" content=\"en_US\" \/>\n<meta property=\"og:type\" content=\"article\" \/>\n<meta property=\"og:title\" content=\"Misa y calendario\" \/>\n<meta property=\"og:description\" content=\"DOMINGOS A LAS 7 H Y 11 H (JAPONES) A LAS 9 H Y 13 H (INGLES) SEGUNDO DOMINGO A LAS 15 H (ESPA\u00d1OL) Misas de Navidad y A\u00f1o Nuevo &#8211; 24 de diciembre de 2025 (mi\u00e9rcoles): 17:00 (en japon\u00e9s) y 19:00 (en ingl\u00e9s) &#8211; 25 de diciembre de 2025 (jueves): 10:00 (en japon\u00e9s e &hellip; Continued\" \/>\n<meta property=\"og:url\" content=\"https:\/\/osakaumeda.osaka.catholic.jp\/es\/mass-schedule\/\" \/>\n<meta property=\"og:site_name\" content=\"Iglesia Catolica de Osaka Umeda\" \/>\n<meta property=\"article:publisher\" content=\"https:\/\/www.facebook.com\/Sacra-Familia-Osaka-Umeda-110874987335111\" \/>\n<meta property=\"article:modified_time\" content=\"2026-02-14T01:12:38+00:00\" \/>\n<meta name=\"twitter:card\" content=\"summary_large_image\" \/>\n<meta name=\"twitter:site\" content=\"@osakaumedach\" \/>\n<meta name=\"twitter:label1\" content=\"Tiempo de lectura\" \/>\n\t<meta name=\"twitter:data1\" content=\"1 minuto\" \/>\n<script type=\"application\/ld+json\" class=\"yoast-schema-graph\">{\"@context\":\"https:\\\/\\\/schema.org\",\"@graph\":[{\"@type\":\"WebPage\",\"@id\":\"https:\\\/\\\/osakaumeda.osaka.catholic.jp\\\/ja\\\/mass-schedule\\\/\",\"url\":\"https:\\\/\\\/osakaumeda.osaka.catholic.jp\\\/ja\\\/mass-schedule\\\/\",\"name\":\"Misa y calendario\",\"isPartOf\":{\"@id\":\"https:\\\/\\\/osakaumeda.osaka.catholic.jp\\\/ja\\\/#website\"},\"datePublished\":\"2023-09-29T15:10:40+00:00\",\"dateModified\":\"2026-02-14T01:12:38+00:00\",\"breadcrumb\":{\"@id\":\"https:\\\/\\\/osakaumeda.osaka.catholic.jp\\\/ja\\\/mass-schedule\\\/#breadcrumb\"},\"inLanguage\":\"es-ES\",\"potentialAction\":[{\"@type\":\"ReadAction\",\"target\":[\"https:\\\/\\\/osakaumeda.osaka.catholic.jp\\\/ja\\\/mass-schedule\\\/\"]}]},{\"@type\":\"BreadcrumbList\",\"@id\":\"https:\\\/\\\/osakaumeda.osaka.catholic.jp\\\/ja\\\/mass-schedule\\\/#breadcrumb\",\"itemListElement\":[{\"@type\":\"ListItem\",\"position\":1,\"name\":\"Home\",\"item\":\"https:\\\/\\\/osakaumeda.osaka.catholic.jp\\\/ja\\\/\"},{\"@type\":\"ListItem\",\"position\":2,\"name\":\"\u30df\u30b5\u3068\u30ab\u30ec\u30f3\u30c0\u30fc\"}]},{\"@type\":\"WebSite\",\"@id\":\"https:\\\/\\\/osakaumeda.osaka.catholic.jp\\\/ja\\\/#website\",\"url\":\"https:\\\/\\\/osakaumeda.osaka.catholic.jp\\\/ja\\\/\",\"name\":\"Iglesia Catolica de Osaka Umeda\",\"description\":\"\",\"potentialAction\":[{\"@type\":\"SearchAction\",\"target\":{\"@type\":\"EntryPoint\",\"urlTemplate\":\"https:\\\/\\\/osakaumeda.osaka.catholic.jp\\\/ja\\\/?s={search_term_string}\"},\"query-input\":{\"@type\":\"PropertyValueSpecification\",\"valueRequired\":true,\"valueName\":\"search_term_string\"}}],\"inLanguage\":\"es-ES\"}]}<\/script>\n<!-- \/ Yoast SEO plugin. -->","yoast_head_json":{"title":"Misa y calendario","robots":{"index":"index","follow":"follow","max-snippet":"max-snippet:-1","max-image-preview":"max-image-preview:large","max-video-preview":"max-video-preview:-1"},"canonical":"https:\/\/osakaumeda.osaka.catholic.jp\/es\/mass-schedule\/","og_locale":"es_ES","og_type":"article","og_title":"Iglesia Catolica de Osaka Umeda - [:ja]\u30df\u30b5\u3068\u30ab\u30ec\u30f3\u30c0\u30fc[:en]Mass and Calendar[:es]Misa y calendario[:]","og_description":"DOMINGOS A LAS 7 H Y 11 H (JAPONES) A LAS 9 H Y 13 H (INGLES) SEGUNDO DOMINGO A LAS 15 H (ESPA\u00d1OL) Misas de Navidad y A\u00f1o Nuevo &#8211; 24 de diciembre de 2025 (mi\u00e9rcoles): 17:00 (en japon\u00e9s) y 19:00 (en ingl\u00e9s) &#8211; 25 de diciembre de 2025 (jueves): 10:00 (en japon\u00e9s e &hellip; Continued","og_url":"https:\/\/osakaumeda.osaka.catholic.jp\/es\/mass-schedule\/","og_site_name":"Iglesia Catolica de Osaka Umeda","article_publisher":"https:\/\/www.facebook.com\/Sacra-Familia-Osaka-Umeda-110874987335111","article_modified_time":"2026-02-14T01:12:38+00:00","twitter_card":"summary_large_image","twitter_site":"@osakaumedach","twitter_misc":{"Tiempo de lectura":"1 minuto"},"schema":{"@context":"https:\/\/schema.org","@graph":[{"@type":"WebPage","@id":"https:\/\/osakaumeda.osaka.catholic.jp\/ja\/mass-schedule\/","url":"https:\/\/osakaumeda.osaka.catholic.jp\/ja\/mass-schedule\/","name":"Misa y calendario","isPartOf":{"@id":"https:\/\/osakaumeda.osaka.catholic.jp\/ja\/#website"},"datePublished":"2023-09-29T15:10:40+00:00","dateModified":"2026-02-14T01:12:38+00:00","breadcrumb":{"@id":"https:\/\/osakaumeda.osaka.catholic.jp\/ja\/mass-schedule\/#breadcrumb"},"inLanguage":"es-ES","potentialAction":[{"@type":"ReadAction","target":["https:\/\/osakaumeda.osaka.catholic.jp\/ja\/mass-schedule\/"]}]},{"@type":"BreadcrumbList","@id":"https:\/\/osakaumeda.osaka.catholic.jp\/ja\/mass-schedule\/#breadcrumb","itemListElement":[{"@type":"ListItem","position":1,"name":"Home","item":"https:\/\/osakaumeda.osaka.catholic.jp\/ja\/"},{"@type":"ListItem","position":2,"name":"\u30df\u30b5\u3068\u30ab\u30ec\u30f3\u30c0\u30fc"}]},{"@type":"WebSite","@id":"https:\/\/osakaumeda.osaka.catholic.jp\/ja\/#website","url":"https:\/\/osakaumeda.osaka.catholic.jp\/ja\/","name":"Iglesia Catolica de Osaka Umeda","description":"","potentialAction":[{"@type":"SearchAction","target":{"@type":"EntryPoint","urlTemplate":"https:\/\/osakaumeda.osaka.catholic.jp\/ja\/?s={search_term_string}"},"query-input":{"@type":"PropertyValueSpecification","valueRequired":true,"valueName":"search_term_string"}}],"inLanguage":"es-ES"}]}},"_links":{"self":[{"href":"https:\/\/osakaumeda.osaka.catholic.jp\/es\/wp-json\/wp\/v2\/pages\/94","targetHints":{"allow":["GET"]}}],"collection":[{"href":"https:\/\/osakaumeda.osaka.catholic.jp\/es\/wp-json\/wp\/v2\/pages"}],"about":[{"href":"https:\/\/osakaumeda.osaka.catholic.jp\/es\/wp-json\/wp\/v2\/types\/page"}],"author":[{"embeddable":true,"href":"https:\/\/osakaumeda.osaka.catholic.jp\/es\/wp-json\/wp\/v2\/users\/4"}],"replies":[{"embeddable":true,"href":"https:\/\/osakaumeda.osaka.catholic.jp\/es\/wp-json\/wp\/v2\/comments?post=94"}],"version-history":[{"count":149,"href":"https:\/\/osakaumeda.osaka.catholic.jp\/es\/wp-json\/wp\/v2\/pages\/94\/revisions"}],"predecessor-version":[{"id":7264,"href":"https:\/\/osakaumeda.osaka.catholic.jp\/es\/wp-json\/wp\/v2\/pages\/94\/revisions\/7264"}],"wp:attachment":[{"href":"https:\/\/osakaumeda.osaka.catholic.jp\/es\/wp-json\/wp\/v2\/media?parent=94"}],"curies":[{"name":"wp","href":"https:\/\/api.w.org\/{rel}","templated":true}]}}